{"id":6972,"date":"2024-11-23T13:25:26","date_gmt":"2024-11-23T13:25:26","guid":{"rendered":"https:\/\/stimanalytics.ai\/?post_type=product&#038;p=6972"},"modified":"2025-08-16T10:36:34","modified_gmt":"2025-08-16T10:36:34","slug":"connected-car-patent-landscape-report","status":"publish","type":"product","link":"https:\/\/stimanalytics.ai\/pt\/produto\/connected-car-patent-landscape-report\/","title":{"rendered":"Relat\u00f3rio sobre o cen\u00e1rio de patentes de carros conectados"},"content":{"rendered":"<p><strong><span style=\"font-size: 21px;\">Descri\u00e7\u00e3o do relat\u00f3rio e fonte de dados <\/span><\/strong><br \/>\n<span style=\"font-size: 21px;\">O <strong>Relat\u00f3rio de carros conectados<\/strong> fornece uma an\u00e1lise completa do cen\u00e1rio de patentes, abrangendo <strong>48.472 patentes<\/strong> arquivados de 2010 a 2024 em jurisdi\u00e7\u00f5es importantes globalmente. Este extenso conjunto de dados \u00e9 derivado de registros de patentes internacionais e incorpora dados de vendas de mercado, tend\u00eancias e proje\u00e7\u00f5es de crescimento. Esta abordagem combinada permite um exame detalhado da evolu\u00e7\u00e3o tecnol\u00f3gica na ind\u00fastria de carros conectados. Ao analisar dados quantitativos e qualitativos, o relat\u00f3rio fornece insights valiosos sobre a atividade de patentes, inova\u00e7\u00f5es tecnol\u00f3gicas e o cen\u00e1rio de mercado. Ele foi projetado para avaliar o posicionamento competitivo atual dentro do setor de carros conectados e prever oportunidades de crescimento futuras.<\/span><\/p>\n<p><span style=\"font-size: 21px;\">O relat\u00f3rio \u00e9 organizado em se\u00e7\u00f5es cr\u00edticas, cada uma oferecendo insights exclusivos sobre o ecossistema de carros conectados. Essas se\u00e7\u00f5es incluem Vis\u00e3o Geral do Cen\u00e1rio, An\u00e1lise de Mercado, An\u00e1lise de Tecnologia e Principais Atores. Cada se\u00e7\u00e3o \u00e9 projetada para auxiliar as partes interessadas a tomar decis\u00f5es estrat\u00e9gicas informadas sobre pesquisa, investimento e posicionamento competitivo na ind\u00fastria de carros conectados em r\u00e1pida evolu\u00e7\u00e3o.<\/span><\/p>\n<p><strong><span style=\"font-size: 21px;\">Vis\u00e3o geral da paisagem <\/span><\/strong><br \/>\n<span style=\"font-size: 21px;\">A vis\u00e3o geral do cen\u00e1rio oferece uma vis\u00e3o abrangente da atividade de patentes dentro da ind\u00fastria de carros conectados, rastreando tend\u00eancias de 2010 a 2024. A an\u00e1lise destaca o aumento significativo em registros de patentes, refletindo o crescente investimento e inova\u00e7\u00e3o em tecnologias de ve\u00edculos conectados e aut\u00f4nomos. Os EUA, China e Europa s\u00e3o identificados como as principais regi\u00f5es em registros de patentes, ressaltando seus pap\u00e9is dominantes no avan\u00e7o das tecnologias de carros conectados.<\/span><\/p>\n<p><strong><span style=\"font-size: 21px;\">Se\u00e7\u00e3o de An\u00e1lise de Mercado <\/span><\/strong><br \/>\n<span style=\"font-size: 21px;\">A se\u00e7\u00e3o de an\u00e1lise de mercado examina os aspectos comerciais do setor de carros conectados, incluindo dados de vendas de mercado, taxas de crescimento projetadas e principais participantes do setor. Ao alinhar os registros de patentes com as tend\u00eancias de mercado, esta se\u00e7\u00e3o identifica as principais \u00e1reas onde a demanda por tecnologias de carros conectados \u00e9 mais forte, particularmente em regi\u00f5es com atividades robustas de P&amp;D. Insights s\u00e3o fornecidos sobre como a inova\u00e7\u00e3o em \u00e1reas como dire\u00e7\u00e3o aut\u00f4noma, comunica\u00e7\u00e3o de ve\u00edculo para tudo (V2X) e sistemas de infoentretenimento devem moldar o crescimento do mercado.<\/span><\/p>\n<p><strong><span style=\"font-size: 21px;\">Se\u00e7\u00e3o de An\u00e1lise de Tecnologia <\/span><\/strong><br \/>\n<span style=\"font-size: 21px;\">Esta se\u00e7\u00e3o se aprofunda nos principais dom\u00ednios tecnol\u00f3gicos dentro da ind\u00fastria de carros conectados, como dire\u00e7\u00e3o aut\u00f4noma, comunica\u00e7\u00e3o V2X e integra\u00e7\u00e3o 5G. O relat\u00f3rio destaca os principais avan\u00e7os tecnol\u00f3gicos, incluindo inova\u00e7\u00f5es em IA para navega\u00e7\u00e3o aut\u00f4noma, sistemas de infoentretenimento de \u00faltima gera\u00e7\u00e3o e solu\u00e7\u00f5es avan\u00e7adas de conectividade. Esses desenvolvimentos s\u00e3o essenciais para a transforma\u00e7\u00e3o de ve\u00edculos modernos em plataformas conectadas, aprimorando a seguran\u00e7a, a efici\u00eancia e a experi\u00eancia do usu\u00e1rio.<\/span><\/p>\n<p><strong><span style=\"font-size: 21px;\">Se\u00e7\u00e3o de Jogadores Top<\/span><\/strong><br \/>\n<span style=\"font-size: 21px;\">The top player section provides detailed insights into major companies leading the connected car industry. Key players include Samsung Electronics, LG Electronics, Waymo LLC, Ford, and General Motors (GM) Global Technology Operations LLC. Each company is examined based on its patent holdings, technological innovations, and contributions to the connected car ecosystem. For example, Waymo&#8217;s advancements in autonomous driving and Samsung\u2019s innovations in in-car infotainment systems are featured. The section also explores strategic partnerships and collaborations that are accelerating innovation and market leadership in connected and autonomous vehicles.<\/span><\/p>\n<p><span style=\"font-size: 21px;\">No geral, este relat\u00f3rio apresenta uma vis\u00e3o abrangente do cen\u00e1rio da tecnologia de carros conectados, desde tend\u00eancias de patentes e mercado at\u00e9 inova\u00e7\u00f5es tecnol\u00f3gicas e din\u00e2micas competitivas. Ele serve como um recurso crucial para stakeholders envolvidos em P&amp;D, investimento e formula\u00e7\u00e3o de pol\u00edticas, oferecendo insights que dar\u00e3o suporte a decis\u00f5es voltadas para capitalizar o setor de carros conectados em r\u00e1pido crescimento.<\/span><\/p>\n<p>&nbsp;<\/p>\n<p><strong><span style=\"font-size: 21px;\">O que voc\u00ea receber\u00e1:<\/span><\/strong><br \/>\n<span style=\"font-size: 21px;\">&#8211; 120+ Pages PDF Full Report<\/span><br \/>\n<span style=\"font-size: 21px;\">&#8211; 40+ Pages PDF Slides<\/span><br \/>\n<span style=\"font-size: 21px;\">&#8211; Excel File of Each Figure with Extended Data<\/span><\/p>\n<p>&nbsp;<\/p>\n<p><strong><span style=\"font-size: 21px;\">Pessoas que podem estar interessadas no relat\u00f3rio: <\/span><\/strong><br \/>\n<span style=\"font-size: 21px;\">&#8211; Chief Marketing Officers <\/span><br \/>\n<span style=\"font-size: 21px;\">&#8211; Business Development Professionals <\/span><br \/>\n<span style=\"font-size: 21px;\">&#8211; Corporate Strategy Executives <\/span><br \/>\n<span style=\"font-size: 21px;\">&#8211; R&amp;D and Innovation Officers <\/span><br \/>\n<span style=\"font-size: 21px;\">&#8211; Investment Analysts <\/span><br \/>\n<span style=\"font-size: 21px;\">&#8211; Product Managers <\/span><br \/>\n<span style=\"font-size: 21px;\">&#8211; Marketing Directors <\/span><br \/>\n<span style=\"font-size: 21px;\">&#8211; Sales Directors <\/span><br \/>\n<span style=\"font-size: 21px;\">&#8211; Vice President &#8211; Sales <\/span><br \/>\n<span style=\"font-size: 21px;\">&#8211; Vice President &#8211; Marketing <\/span><br \/>\n<span style=\"font-size: 21px;\">&#8211; Heads of Marketing <\/span><br \/>\n<span style=\"font-size: 21px;\">&#8211; Analysts <\/span><br \/>\n<span style=\"font-size: 21px;\">&#8211; Corporate Planning Professionals <\/span><br \/>\n<span style=\"font-size: 21px;\">&#8211; Product Marketing Managers <\/span><br \/>\n<span style=\"font-size: 21px;\">&#8211; Market Intelligence Experts <\/span><br \/>\n<span style=\"font-size: 21px;\">&#8211; Heads of Innovation <\/span><br \/>\n<span style=\"font-size: 21px;\">&#8211; Strategy Heads <\/span><br \/>\n<span style=\"font-size: 21px;\">&#8211; Chief Operating Officers <\/span><br \/>\n<span style=\"font-size: 21px;\">&#8211; Business Analysts <\/span><br \/>\n<span style=\"font-size: 21px;\">&#8211; Sales Consultants <\/span><br \/>\n<span style=\"font-size: 21px;\">&#8211; Academics<\/span><\/p>","protected":false},"excerpt":{"rendered":"<p>Report Description and Data Source The Connected Car report provides a thorough patent landscape analysis, covering 48,472 patents filed from 2010 to 2024 across key jurisdictions globally. This extensive dataset is derived from international patent filings and incorporates market sales data, trends, and growth projections. This combined approach allows for a detailed examination of the [&hellip;]<\/p>","protected":false},"featured_media":7348,"comment_status":"open","ping_status":"closed","template":"","meta":{"inline_featured_image":false},"product_brand":[],"product_cat":[80],"product_tag":[],"class_list":{"0":"post-6972","1":"product","2":"type-product","3":"status-publish","4":"has-post-thumbnail","6":"product_cat-ict-software","8":"first","9":"instock","10":"downloadable","11":"virtual","12":"sold-individually","13":"purchasable","14":"product-type-simple"},"_links":{"self":[{"href":"https:\/\/stimanalytics.ai\/pt\/wp-json\/wp\/v2\/product\/6972","targetHints":{"allow":["GET"]}}],"collection":[{"href":"https:\/\/stimanalytics.ai\/pt\/wp-json\/wp\/v2\/product"}],"about":[{"href":"https:\/\/stimanalytics.ai\/pt\/wp-json\/wp\/v2\/types\/product"}],"replies":[{"embeddable":true,"href":"https:\/\/stimanalytics.ai\/pt\/wp-json\/wp\/v2\/comments?post=6972"}],"wp:featuredmedia":[{"embeddable":true,"href":"https:\/\/stimanalytics.ai\/pt\/wp-json\/wp\/v2\/media\/7348"}],"wp:attachment":[{"href":"https:\/\/stimanalytics.ai\/pt\/wp-json\/wp\/v2\/media?parent=6972"}],"wp:term":[{"taxonomy":"product_brand","embeddable":true,"href":"https:\/\/stimanalytics.ai\/pt\/wp-json\/wp\/v2\/product_brand?post=6972"},{"taxonomy":"product_cat","embeddable":true,"href":"https:\/\/stimanalytics.ai\/pt\/wp-json\/wp\/v2\/product_cat?post=6972"},{"taxonomy":"product_tag","embeddable":true,"href":"https:\/\/stimanalytics.ai\/pt\/wp-json\/wp\/v2\/product_tag?post=6972"}],"curies":[{"name":"wp","href":"https:\/\/api.w.org\/{rel}","templated":true}]}}