{"id":6968,"date":"2024-11-23T13:19:52","date_gmt":"2024-11-23T13:19:52","guid":{"rendered":"https:\/\/stimanalytics.ai\/?post_type=product&#038;p=6968"},"modified":"2025-08-16T15:03:41","modified_gmt":"2025-08-16T15:03:41","slug":"polyvinyl-chloride-pvc-patent-landscape-report","status":"publish","type":"product","link":"https:\/\/stimanalytics.ai\/pt\/produto\/polyvinyl-chloride-pvc-patent-landscape-report\/","title":{"rendered":"Relat\u00f3rio do panorama de patentes de cloreto de polivinila (PVC)"},"content":{"rendered":"<p><strong><span style=\"font-size: 21px;\">Descri\u00e7\u00e3o do relat\u00f3rio e fonte de dados <\/span><\/strong><br \/>\n<span style=\"font-size: 21px;\">O <strong>Relat\u00f3rio de tecnologia de PVC<\/strong> fornece uma an\u00e1lise abrangente do cen\u00e1rio de patentes, examinando <strong>49.233 patentes<\/strong> arquivados de 2010 a 2023 em jurisdi\u00e7\u00f5es importantes. Este extenso conjunto de dados \u00e9 obtido de escrit\u00f3rios de patentes internacionais e inclui insights detalhados sobre tend\u00eancias de mercado, dados de vendas e previs\u00f5es de crescimento. Ao integrar dados quantitativos e qualitativos, o relat\u00f3rio estabelece uma base s\u00f3lida para entender a evolu\u00e7\u00e3o tecnol\u00f3gica, o posicionamento competitivo e a din\u00e2mica de mercado dentro do setor de PVC. Esta abordagem multifacetada oferece suporte a insights estrat\u00e9gicos sobre tend\u00eancias atuais e \u00e1reas potenciais para inova\u00e7\u00e3o na ind\u00fastria de PVC.<\/span><\/p>\n<p><span style=\"font-size: 21px;\">O relat\u00f3rio \u00e9 dividido em se\u00e7\u00f5es principais, cada uma fornecendo insights essenciais sobre diferentes facetas da tecnologia de PVC. As se\u00e7\u00f5es principais incluem a Vis\u00e3o Geral do Cen\u00e1rio, An\u00e1lise de Mercado, An\u00e1lise de Tecnologia e Principais Atores. Cada parte fornece uma perspectiva \u00fanica com o objetivo de dar suporte a decis\u00f5es em pesquisa, investimento e estrat\u00e9gia dentro da ind\u00fastria de PVC.<\/span><\/p>\n<p><strong><span style=\"font-size: 21px;\">Vis\u00e3o geral da paisagem <\/span><\/strong><br \/>\n<span style=\"font-size: 21px;\">A vis\u00e3o geral do cen\u00e1rio ilustra as tend\u00eancias de atividade de patentes na tecnologia de PVC de 2010 a 2023. Ela revela um crescimento significativo, com os registros de patentes aumentando oito vezes nos \u00faltimos 13 anos. As principais jurisdi\u00e7\u00f5es incluem os EUA e a China, que coletivamente respondem por 74% de patentes, enquanto a Europa e a Coreia do Sul tamb\u00e9m s\u00e3o contribuidores not\u00e1veis, enfatizando os avan\u00e7os globais em aplica\u00e7\u00f5es de PVC.<\/span><\/p>\n<p><strong><span style=\"font-size: 21px;\">Se\u00e7\u00e3o de An\u00e1lise de Mercado <\/span><\/strong><br \/>\n<span style=\"font-size: 21px;\">Esta se\u00e7\u00e3o explora os aspectos comerciais do PVC, analisando dados de vendas globais, participa\u00e7\u00e3o de mercado e principais produtores. Ela alinha a atividade de patentes com o crescimento do mercado, destacando aplica\u00e7\u00f5es de alta demanda, como constru\u00e7\u00e3o, automotivo e embalagem. A an\u00e1lise revela forte potencial de crescimento em regi\u00f5es com P&amp;D substancial, especialmente na \u00c1sia-Pac\u00edfico, Am\u00e9rica do Norte e Europa.<\/span><\/p>\n<p><strong><span style=\"font-size: 21px;\">Se\u00e7\u00e3o de An\u00e1lise de Tecnologia <\/span><\/strong><br \/>\n<span style=\"font-size: 21px;\">Na an\u00e1lise tecnol\u00f3gica, o relat\u00f3rio foca em dom\u00ednios tecnol\u00f3gicos prim\u00e1rios dentro do PVC, como composi\u00e7\u00f5es avan\u00e7adas de pol\u00edmeros e processos de polimeriza\u00e7\u00e3o em emuls\u00e3o. Inova\u00e7\u00f5es-chave s\u00e3o identificadas em \u00e1reas como aditivos sustent\u00e1veis, PVC de base biol\u00f3gica e tecnologias de reciclagem. Esta se\u00e7\u00e3o destaca tecnologias de alto impacto que impulsionam a inova\u00e7\u00e3o e a sustentabilidade do PVC, destacando intensa atividade de patentes e futuras oportunidades de P&amp;D.<\/span><\/p>\n<p><strong><span style=\"font-size: 21px;\">Se\u00e7\u00e3o de Jogadores Top <\/span><\/strong><br \/>\n<span style=\"font-size: 21px;\">The top player section provides insights into leading companies in PVC technology, including LG Chemical Ltd, 3M Innovative Properties Co, BASF SE, Eastman Chemical Company, and Flooring Industries Limited S.A.R.L. Each company is assessed based on its patent portfolio, technological focus, and contributions to the PVC industry. For example, LG Chemical\u2019s developments in advanced polymerization and BASF\u2019s innovations in eco-friendly compounds are highlighted. The section also examines strategic partnerships that enhance technology growth and support leadership in PVC applications.<\/span><\/p>\n<p><span style=\"font-size: 21px;\">No geral, este relat\u00f3rio oferece uma vis\u00e3o abrangente da ind\u00fastria de PVC, integrando tend\u00eancias de patentes, din\u00e2mica de mercado e insights competitivos. O relat\u00f3rio serve como um recurso essencial para stakeholders em P&amp;D, pol\u00edtica e investimento, fornecendo um roteiro estrat\u00e9gico para alavancar avan\u00e7os na tecnologia de PVC.<\/span><\/p>\n<p>&nbsp;<\/p>\n<p><strong><span style=\"font-size: 21px;\">O que voc\u00ea receber\u00e1: <\/span><\/strong><br \/>\n<span style=\"font-size: 21px;\">&#8211; 120+ Pages PDF Full Report <\/span><br \/>\n<span style=\"font-size: 21px;\">&#8211; 40+ Pages PDF Slides <\/span><br \/>\n<span style=\"font-size: 21px;\">&#8211; Excel File of Each Figure with Extended Data<\/span><\/p>\n<p>&nbsp;<\/p>\n<p><strong><span style=\"font-size: 21px;\">Pessoas que podem estar interessadas no relat\u00f3rio: <\/span><\/strong><br \/>\n<span style=\"font-size: 21px;\">&#8211; Chief Marketing Officers <\/span><br \/>\n<span style=\"font-size: 21px;\">&#8211; Business Development Professionals <\/span><br \/>\n<span style=\"font-size: 21px;\">&#8211; Corporate Strategy Executives <\/span><br \/>\n<span style=\"font-size: 21px;\">&#8211; R&amp;D and Innovation Officers <\/span><br \/>\n<span style=\"font-size: 21px;\">&#8211; Investment Analysts <\/span><br \/>\n<span style=\"font-size: 21px;\">&#8211; Product Managers <\/span><br \/>\n<span style=\"font-size: 21px;\">&#8211; Marketing Directors <\/span><br \/>\n<span style=\"font-size: 21px;\">&#8211; Sales Directors <\/span><br \/>\n<span style=\"font-size: 21px;\">&#8211; Vice President &#8211; Sales <\/span><br \/>\n<span style=\"font-size: 21px;\">&#8211; Vice President &#8211; Marketing <\/span><br \/>\n<span style=\"font-size: 21px;\">&#8211; Heads of Marketing <\/span><br \/>\n<span style=\"font-size: 21px;\">&#8211; Analysts <\/span><br \/>\n<span style=\"font-size: 21px;\">&#8211; Corporate Planning Professionals <\/span><br \/>\n<span style=\"font-size: 21px;\">&#8211; Product Marketing Managers <\/span><br \/>\n<span style=\"font-size: 21px;\">&#8211; Market Intelligence Experts <\/span><br \/>\n<span style=\"font-size: 21px;\">&#8211; Heads of Innovation <\/span><br \/>\n<span style=\"font-size: 21px;\">&#8211; Strategy Heads <\/span><br \/>\n<span style=\"font-size: 21px;\">&#8211; Chief Operating Officers <\/span><br \/>\n<span style=\"font-size: 21px;\">&#8211; Business Analysts <\/span><br \/>\n<span style=\"font-size: 21px;\">&#8211; Sales Consultants <\/span><br \/>\n<span style=\"font-size: 21px;\">&#8211; Academics<\/span><\/p>","protected":false},"excerpt":{"rendered":"<p>Report Description and Data Source The PVC Technology report provides a comprehensive patent landscape analysis, examining 49,233 patents filed from 2010 to 2023 across key jurisdictions. This extensive dataset is sourced from international patent offices and includes detailed insights on market trends, sales data, and growth forecasts. By integrating both quantitative and qualitative data, the [&hellip;]<\/p>","protected":false},"featured_media":7325,"comment_status":"open","ping_status":"closed","template":"","meta":{"inline_featured_image":false},"product_brand":[],"product_cat":[89],"product_tag":[],"class_list":{"0":"post-6968","1":"product","2":"type-product","3":"status-publish","4":"has-post-thumbnail","6":"product_cat-oil-gas-and-petrochemichal","8":"first","9":"instock","10":"downloadable","11":"virtual","12":"sold-individually","13":"purchasable","14":"product-type-simple"},"_links":{"self":[{"href":"https:\/\/stimanalytics.ai\/pt\/wp-json\/wp\/v2\/product\/6968","targetHints":{"allow":["GET"]}}],"collection":[{"href":"https:\/\/stimanalytics.ai\/pt\/wp-json\/wp\/v2\/product"}],"about":[{"href":"https:\/\/stimanalytics.ai\/pt\/wp-json\/wp\/v2\/types\/product"}],"replies":[{"embeddable":true,"href":"https:\/\/stimanalytics.ai\/pt\/wp-json\/wp\/v2\/comments?post=6968"}],"wp:featuredmedia":[{"embeddable":true,"href":"https:\/\/stimanalytics.ai\/pt\/wp-json\/wp\/v2\/media\/7325"}],"wp:attachment":[{"href":"https:\/\/stimanalytics.ai\/pt\/wp-json\/wp\/v2\/media?parent=6968"}],"wp:term":[{"taxonomy":"product_brand","embeddable":true,"href":"https:\/\/stimanalytics.ai\/pt\/wp-json\/wp\/v2\/product_brand?post=6968"},{"taxonomy":"product_cat","embeddable":true,"href":"https:\/\/stimanalytics.ai\/pt\/wp-json\/wp\/v2\/product_cat?post=6968"},{"taxonomy":"product_tag","embeddable":true,"href":"https:\/\/stimanalytics.ai\/pt\/wp-json\/wp\/v2\/product_tag?post=6968"}],"curies":[{"name":"wp","href":"https:\/\/api.w.org\/{rel}","templated":true}]}}