{"id":6966,"date":"2024-11-23T13:16:46","date_gmt":"2024-11-23T13:16:46","guid":{"rendered":"https:\/\/stimanalytics.ai\/?post_type=product&#038;p=6966"},"modified":"2025-08-16T11:06:58","modified_gmt":"2025-08-16T11:06:58","slug":"condition-monitoring-patent-landscape-report","status":"publish","type":"product","link":"https:\/\/stimanalytics.ai\/pt\/produto\/condition-monitoring-patent-landscape-report\/","title":{"rendered":"Relat\u00f3rio de cen\u00e1rio de patentes de monitoramento de condi\u00e7\u00f5es"},"content":{"rendered":"<p><strong><span style=\"font-size: 21px;\">Descri\u00e7\u00e3o do relat\u00f3rio e fonte de dados <\/span><\/strong><br \/>\n<span style=\"font-size: 21px;\">O <strong>Relat\u00f3rio de monitoramento de condi\u00e7\u00f5es<\/strong> fornece uma an\u00e1lise aprofundada do cen\u00e1rio de patentes, abrangendo <strong>1.901 patentes<\/strong> de 1972 a 2024 em jurisdi\u00e7\u00f5es prim\u00e1rias, incluindo EUA, China e Europa. Este conjunto de dados abrangente \u00e9 originado de registros de patentes globais e inclui detalhes sobre tend\u00eancias de crescimento de mercado, inova\u00e7\u00f5es da ind\u00fastria e evolu\u00e7\u00e3o tecnol\u00f3gica dentro do monitoramento de condi\u00e7\u00f5es. Ao integrar dados quantitativos sobre atividade de patentes com insights qualitativos sobre tend\u00eancias de mercado e tecnologia, o relat\u00f3rio oferece uma base s\u00f3lida para avaliar pedidos de patentes, avan\u00e7os tecnol\u00f3gicos e crescimento potencial dentro do campo de monitoramento de condi\u00e7\u00f5es. Esta abordagem fornece uma vis\u00e3o completa do posicionamento competitivo atual e \u00e1reas emergentes em manuten\u00e7\u00e3o preditiva e monitoramento.<\/span><\/p>\n<p><span style=\"font-size: 21px;\">O relat\u00f3rio \u00e9 organizado em v\u00e1rias se\u00e7\u00f5es principais, cada uma oferecendo insights cr\u00edticos sobre diferentes aspectos do monitoramento de condi\u00e7\u00f5es. As se\u00e7\u00f5es principais incluem a Vis\u00e3o Geral do Cen\u00e1rio de Patentes, An\u00e1lise de Mercado, An\u00e1lise de Tecnologia e Principais Atores. Cada se\u00e7\u00e3o apresenta uma perspectiva \u00fanica projetada para dar suporte \u00e0 tomada de decis\u00f5es estrat\u00e9gicas em pesquisa, investimento e estrat\u00e9gia competitiva dentro do dom\u00ednio do monitoramento de condi\u00e7\u00f5es.<\/span><\/p>\n<p><strong><span style=\"font-size: 21px;\">Vis\u00e3o geral da paisagem <\/span><\/strong><br \/>\n<span style=\"font-size: 21px;\">A vis\u00e3o geral do cen\u00e1rio captura tend\u00eancias na atividade de patentes, ilustrando o crescimento em tecnologias de monitoramento de condi\u00e7\u00f5es de 1972 a 2024. O relat\u00f3rio revela um aumento constante em patentes, particularmente desde 2014, refletindo o aumento da inova\u00e7\u00e3o e do investimento em manuten\u00e7\u00e3o preditiva e monitoramento de equipamentos. Os EUA lideram em registros de patentes, seguidos de perto pela China, com a Europa tamb\u00e9m fazendo contribui\u00e7\u00f5es significativas, indicando um compromisso global com avan\u00e7os no monitoramento de condi\u00e7\u00f5es.<\/span><\/p>\n<p><strong><span style=\"font-size: 21px;\">Se\u00e7\u00e3o de An\u00e1lise de Mercado <\/span><\/strong><br \/>\n<span style=\"font-size: 21px;\">A se\u00e7\u00e3o de an\u00e1lise de mercado examina o cen\u00e1rio comercial do monitoramento de condi\u00e7\u00f5es, detalhando a participa\u00e7\u00e3o de mercado, as taxas de crescimento projetadas e os principais participantes. Ao alinhar os dados de patentes com a din\u00e2mica do mercado, esta se\u00e7\u00e3o identifica sinergias entre inova\u00e7\u00e3o e demanda de mercado, fornecendo insights sobre regi\u00f5es de alto crescimento com investimentos substanciais em P&amp;D.<\/span><\/p>\n<p><strong><span style=\"font-size: 21px;\">Se\u00e7\u00e3o de An\u00e1lise de Tecnologia <\/span><\/strong><br \/>\n<span style=\"font-size: 21px;\">Na se\u00e7\u00e3o de an\u00e1lise de tecnologia, o relat\u00f3rio analisa as principais \u00e1reas tecnol\u00f3gicas dentro do monitoramento de condi\u00e7\u00f5es, incluindo an\u00e1lise de vibra\u00e7\u00e3o, monitoramento de lubrificantes e imagens t\u00e9rmicas. Essas tecnologias contribuem para maior confiabilidade do equipamento, preven\u00e7\u00e3o de falhas e efici\u00eancia operacional. Esta se\u00e7\u00e3o identifica avan\u00e7os que impulsionam o monitoramento de condi\u00e7\u00f5es, destacando \u00e1reas de intensa atividade de patentes e potencial futuro de P&amp;D.<\/span><\/p>\n<p><strong><span style=\"font-size: 21px;\">Se\u00e7\u00e3o de Jogadores Top <\/span><\/strong><br \/>\n<span style=\"font-size: 21px;\">A se\u00e7\u00e3o top player fornece insights sobre os principais players em monitoramento de condi\u00e7\u00f5es, como ABB Ltd, General Electric, Vestas Wind Systems A\/S, NTN Toyo Bearing Co. e Siemens AG. Cada empresa \u00e9 analisada com base em contribui\u00e7\u00f5es de patentes, foco em tecnologia e desenvolvimentos estrat\u00e9gicos. Por exemplo, a ABB Ltd enfatiza tecnologias de manuten\u00e7\u00e3o preditiva, enquanto a Vestas se concentra em solu\u00e7\u00f5es de monitoramento para turbinas e\u00f3licas. Esta se\u00e7\u00e3o tamb\u00e9m destaca colabora\u00e7\u00f5es, mostrando como alian\u00e7as estrat\u00e9gicas est\u00e3o avan\u00e7ando no campo e fortalecendo a lideran\u00e7a de mercado.<\/span><\/p>\n<p><strong><span style=\"font-size: 21px;\">Benef\u00edcios gerais do relat\u00f3rio <\/span><\/strong><br \/>\n<span style=\"font-size: 21px;\">O relat\u00f3rio fornece uma vis\u00e3o abrangente das tecnologias de monitoramento de condi\u00e7\u00f5es, abrangendo tend\u00eancias de patentes e de mercado at\u00e9 a din\u00e2mica competitiva. Cada se\u00e7\u00e3o se interconecta para criar uma compreens\u00e3o coesa do estado e da dire\u00e7\u00e3o do monitoramento de condi\u00e7\u00f5es, tornando-o um recurso valioso para as partes interessadas em P&amp;D, investimento e pol\u00edtica. Ao misturar dados de patentes, insights de mercado e an\u00e1lises detalhadas de tecnologias e participantes importantes, o relat\u00f3rio serve como um guia essencial para aqueles que buscam capitalizar os avan\u00e7os em manuten\u00e7\u00e3o preditiva e monitoramento de equipamentos.<\/span><\/p>\n<p>&nbsp;<\/p>\n<p><strong><span style=\"font-size: 21px;\">O que voc\u00ea receber\u00e1<\/span><\/strong><br \/>\n<span style=\"font-size: 21px;\">&#8211; 150+ Pages PDF Full Report<\/span><br \/>\n<span style=\"font-size: 21px;\">&#8211; 40+ Pages PDF Slides<\/span><br \/>\n<span style=\"font-size: 21px;\">&#8211; Excel File containing detailed data on each figure<\/span><\/p>\n<p>&nbsp;<\/p>\n<p><strong><span style=\"font-size: 21px;\">Pessoas que podem estar interessadas no relat\u00f3rio:<\/span><\/strong><br \/>\n<span style=\"font-size: 21px;\">&#8211; Chief Marketing Officers<\/span><br \/>\n<span style=\"font-size: 21px;\">&#8211; Business Development Professionals<\/span><br \/>\n<span style=\"font-size: 21px;\">&#8211; Corporate Strategy Executives<\/span><br \/>\n<span style=\"font-size: 21px;\">&#8211; R&amp;D and Innovation Officers<\/span><br \/>\n<span style=\"font-size: 21px;\">&#8211; Investment Analysts<\/span><br \/>\n<span style=\"font-size: 21px;\">&#8211; Product Managers<\/span><br \/>\n<span style=\"font-size: 21px;\">&#8211; Marketing Directors<\/span><br \/>\n<span style=\"font-size: 21px;\">&#8211; Sales Directors<\/span><br \/>\n<span style=\"font-size: 21px;\">&#8211; Vice Presidents of Sales<\/span><br \/>\n<span style=\"font-size: 21px;\">&#8211; Vice Presidents of Marketing<\/span><br \/>\n<span style=\"font-size: 21px;\">&#8211; Heads of Marketing<\/span><br \/>\n<span style=\"font-size: 21px;\">&#8211; Analysts<\/span><br \/>\n<span style=\"font-size: 21px;\">&#8211; Corporate Planning Professionals<\/span><br \/>\n<span style=\"font-size: 21px;\">&#8211; Product Marketing Managers<\/span><br \/>\n<span style=\"font-size: 21px;\">&#8211; Market Intelligence Experts<\/span><br \/>\n<span style=\"font-size: 21px;\">&#8211; Heads of Innovation<\/span><br \/>\n<span style=\"font-size: 21px;\">&#8211; Strategy Heads<\/span><br \/>\n<span style=\"font-size: 21px;\">&#8211; Chief Operating Officers<\/span><br \/>\n<span style=\"font-size: 21px;\">&#8211; Business Analysts<\/span><br \/>\n<span style=\"font-size: 21px;\">&#8211; Sales Consultants<\/span><br \/>\n<span style=\"font-size: 21px;\">&#8211; Academics<\/span><\/p>","protected":false},"excerpt":{"rendered":"<p>Report Description and Data Source The Condition Monitoring report provides an in-depth patent landscape analysis, encompassing 1,901 patents from 1972 to 2024 across primary jurisdictions, including the U.S., China, and Europe. This comprehensive dataset is sourced from global patent filings and includes details on market growth trends, industry innovations, and technology evolution within condition monitoring. [&hellip;]<\/p>","protected":false},"featured_media":7393,"comment_status":"open","ping_status":"closed","template":"","meta":{"inline_featured_image":false},"product_brand":[],"product_cat":[89],"product_tag":[],"class_list":{"0":"post-6966","1":"product","2":"type-product","3":"status-publish","4":"has-post-thumbnail","6":"product_cat-oil-gas-and-petrochemichal","8":"first","9":"instock","10":"downloadable","11":"virtual","12":"sold-individually","13":"purchasable","14":"product-type-simple"},"_links":{"self":[{"href":"https:\/\/stimanalytics.ai\/pt\/wp-json\/wp\/v2\/product\/6966","targetHints":{"allow":["GET"]}}],"collection":[{"href":"https:\/\/stimanalytics.ai\/pt\/wp-json\/wp\/v2\/product"}],"about":[{"href":"https:\/\/stimanalytics.ai\/pt\/wp-json\/wp\/v2\/types\/product"}],"replies":[{"embeddable":true,"href":"https:\/\/stimanalytics.ai\/pt\/wp-json\/wp\/v2\/comments?post=6966"}],"wp:featuredmedia":[{"embeddable":true,"href":"https:\/\/stimanalytics.ai\/pt\/wp-json\/wp\/v2\/media\/7393"}],"wp:attachment":[{"href":"https:\/\/stimanalytics.ai\/pt\/wp-json\/wp\/v2\/media?parent=6966"}],"wp:term":[{"taxonomy":"product_brand","embeddable":true,"href":"https:\/\/stimanalytics.ai\/pt\/wp-json\/wp\/v2\/product_brand?post=6966"},{"taxonomy":"product_cat","embeddable":true,"href":"https:\/\/stimanalytics.ai\/pt\/wp-json\/wp\/v2\/product_cat?post=6966"},{"taxonomy":"product_tag","embeddable":true,"href":"https:\/\/stimanalytics.ai\/pt\/wp-json\/wp\/v2\/product_tag?post=6966"}],"curies":[{"name":"wp","href":"https:\/\/api.w.org\/{rel}","templated":true}]}}