{"id":6960,"date":"2024-11-23T11:52:49","date_gmt":"2024-11-23T11:52:49","guid":{"rendered":"https:\/\/stimanalytics.ai\/?post_type=product&#038;p=6960"},"modified":"2025-01-09T10:00:39","modified_gmt":"2025-01-09T10:00:39","slug":"6960","status":"publish","type":"product","link":"https:\/\/stimanalytics.ai\/pt\/produto\/6960\/","title":{"rendered":"Relat\u00f3rio sobre o cen\u00e1rio de patentes de descoberta de medicamentos impulsionado por IA"},"content":{"rendered":"<p><strong><span style=\"font-size: 21px;\">Descri\u00e7\u00e3o do relat\u00f3rio e fonte de dados<\/span><\/strong><br \/>\n<span style=\"font-size: 21px;\">O <strong>Relat\u00f3rio de descoberta de medicamentos baseado em IA<\/strong> fornece uma an\u00e1lise detalhada do cen\u00e1rio de patentes, revisando <strong>1.087 patentes<\/strong> de uma variedade de jurisdi\u00e7\u00f5es prim\u00e1rias, com dados de registros de patentes e insights de vendas de mercado. Ele combina dados quantitativos e qualitativos, oferecendo uma base de dados confi\u00e1vel que inclui pedidos de patentes, tend\u00eancias tecnol\u00f3gicas e taxas de crescimento de vendas de mercado. Essa abordagem multifacetada permite uma compreens\u00e3o completa da posi\u00e7\u00e3o atual do mercado, \u00e1reas de crescimento potencial e avan\u00e7os tecnol\u00f3gicos emergentes na descoberta de medicamentos orientada por IA.<\/span><\/p>\n<p><span style=\"font-size: 21px;\">O relat\u00f3rio \u00e9 dividido em se\u00e7\u00f5es principais, cada uma fornecendo insights sobre aspectos cr\u00edticos da ind\u00fastria de descoberta de medicamentos orientada por IA. As se\u00e7\u00f5es principais incluem a Vis\u00e3o Geral do Cen\u00e1rio, An\u00e1lise de Mercado, An\u00e1lise de Tecnologia e An\u00e1lise dos Principais Jogadores, cada uma das quais contribui com uma perspectiva \u00fanica para dar suporte a decis\u00f5es estrat\u00e9gicas em P&amp;D, investimento e posicionamento competitivo.<\/span><\/p>\n<p><strong><span style=\"font-size: 21px;\">Vis\u00e3o geral da paisagem<\/span><\/strong><br \/>\n<span style=\"font-size: 21px;\">A vis\u00e3o geral do cen\u00e1rio fornece um instant\u00e2neo abrangente do cen\u00e1rio de patentes dentro da descoberta de medicamentos orientada por IA, rastreando a atividade de patentes de 2002 a 2024. Uma clara tend\u00eancia ascendente nos registros de patentes \u00e9 observada, com um aumento substancial nos \u00faltimos anos, indicando inova\u00e7\u00e3o e investimento acelerados neste campo. Os Estados Unidos lideram com o maior n\u00famero de patentes, seguidos pela China e Europa, enfatizando o foco global e a competi\u00e7\u00e3o inter-regional. A se\u00e7\u00e3o de vis\u00e3o geral tamb\u00e9m abrange tend\u00eancias na propriedade de patentes, destacando tanto os participantes estabelecidos quanto as entidades emergentes, o que sugere um campo competitivo e em evolu\u00e7\u00e3o com novos participantes contribuindo continuamente para a descoberta de medicamentos orientada por IA.<\/span><\/p>\n<p><strong><span style=\"font-size: 21px;\">Se\u00e7\u00e3o de An\u00e1lise de Mercado<\/span><\/strong><br \/>\n<span style=\"font-size: 21px;\">The market analysis section delves into the commercial side of AI-driven drug discovery, focusing on market sales data and projected growth rates. By examining patenting activity alongside market sales data, this section reveals the alignment between technological innovation and market demand. The analysis highlights the market\u2019s current trajectory and offers insights into potential growth opportunities, emphasizing regions with significant R&amp;D investment. The report\u2019s market analysis sheds light on key areas where AI-driven drug discovery is poised for expansion, helping stakeholders understand both current market dynamics and areas with the highest commercial potential.<\/span><\/p>\n<p><strong><span style=\"font-size: 21px;\">Se\u00e7\u00e3o de An\u00e1lise de Tecnologia<\/span><\/strong><br \/>\n<span style=\"font-size: 21px;\">Na se\u00e7\u00e3o de an\u00e1lise de tecnologia, o relat\u00f3rio analisa os principais dom\u00ednios tecnol\u00f3gicos dentro da descoberta de medicamentos orientada por IA, como aplica\u00e7\u00f5es de TIC para bioinform\u00e1tica, aprendizado de m\u00e1quina para desenvolvimento de medicamentos e modelos de computa\u00e7\u00e3o biol\u00f3gica. Cada dom\u00ednio de tecnologia \u00e9 avaliado por seu papel no avan\u00e7o dos m\u00e9todos de descoberta de medicamentos, como direcionamento de mol\u00e9culas, reconhecimento de padr\u00f5es e testes de efic\u00e1cia. Esta se\u00e7\u00e3o identifica tecnologias de ponta que impulsionam a inova\u00e7\u00e3o e destaca \u00e1reas com alta atividade de patenteamento, sinalizando onde os esfor\u00e7os futuros de P&amp;D podem se concentrar. Ao examinar esses dom\u00ednios espec\u00edficos, a se\u00e7\u00e3o de an\u00e1lise de tecnologia equipa as partes interessadas com insights sobre os fundamentos t\u00e9cnicos que est\u00e3o moldando o futuro da descoberta de medicamentos orientada por IA.<\/span><\/p>\n<p><strong><span style=\"font-size: 21px;\">Se\u00e7\u00e3o de Jogadores Top<\/span><\/strong><br \/>\n<span style=\"font-size: 21px;\">The top player section offers a closer look at the leading organizations and institutions in the field, such as the University of California, Peptilogics, Genentech, MIT, and Harvard University. Each top player is reviewed based on their patent contributions, strategic focus, and technological developments within AI-driven drug discovery. For example, Peptilogics stands out with its Nautilus\u2122 AI platform for peptide therapeutics, while Genentech is highlighted for its collaboration with NVIDIA, integrating AI for enhanced molecular design. This section also explores collaborations and partnerships among these players, showcasing how strategic alliances are accelerating technological advancements and expanding the scope of AI applications in drug discovery.<\/span><br \/>\n<span style=\"font-size: 21px;\">No geral, o relat\u00f3rio fornece uma vis\u00e3o hol\u00edstica da descoberta de medicamentos orientada por IA, desde tend\u00eancias de mercado e inova\u00e7\u00f5es tecnol\u00f3gicas at\u00e9 din\u00e2micas competitivas. Cada se\u00e7\u00e3o complementa as outras para criar uma narrativa coesa sobre o estado e a dire\u00e7\u00e3o da ind\u00fastria de descoberta de medicamentos orientada por IA, tornando-a um recurso valioso para tomadores de decis\u00e3o em P&amp;D, pol\u00edtica e investimento. Ao integrar dados de patentes, insights de mercado e um exame detalhado da tecnologia e dos principais participantes, este relat\u00f3rio serve como um guia robusto para as partes interessadas que buscam entender e capitalizar neste campo em r\u00e1pida evolu\u00e7\u00e3o.<\/span><\/p>\n<p>&nbsp;<\/p>\n<p><strong><span style=\"font-size: 21px;\">O que voc\u00ea receber\u00e1:<\/span><\/strong><br \/>\n<span style=\"font-size: 21px;\">Relat\u00f3rio completo em PDF com mais de 90 p\u00e1ginas<\/span><br \/>\n<span style=\"font-size: 21px;\">Slides em PDF com mais de 40 p\u00e1ginas<\/span><br \/>\n<span style=\"font-size: 21px;\">Arquivo Excel de cada figura incluindo dados estendidos<\/span><\/p>\n<p>&nbsp;<\/p>\n<p><strong><span style=\"font-size: 21px;\">Pessoas que podem estar interessadas no relat\u00f3rio:<\/span><\/strong><br \/>\n<span style=\"font-size: 21px;\">Diretor de Marketing<\/span><br \/>\n<span style=\"font-size: 21px;\">Profissionais de desenvolvimento de neg\u00f3cios<\/span><br \/>\n<span style=\"font-size: 21px;\">Executivos de Estrat\u00e9gia Corporativa<\/span><br \/>\n<span style=\"font-size: 21px;\">Oficiais de P&amp;D e Inova\u00e7\u00e3o<\/span><br \/>\n<span style=\"font-size: 21px;\">Analistas de Investimentos<\/span><br \/>\n<span style=\"font-size: 21px;\">Gerentes de produto<\/span><br \/>\n<span style=\"font-size: 21px;\">Diretores de Marketing<\/span><br \/>\n<span style=\"font-size: 21px;\">Diretores de Vendas<\/span><br \/>\n<span style=\"font-size: 21px;\">Vice-presidente \u2013 Vendas<\/span><br \/>\n<span style=\"font-size: 21px;\">Vice-presidente \u2013 Marketing<\/span><br \/>\n<span style=\"font-size: 21px;\">Chefes de Marketing<\/span><br \/>\n<span style=\"font-size: 21px;\">Analistas<\/span><br \/>\n<span style=\"font-size: 21px;\">Profissionais de Planejamento Corporativo<\/span><br \/>\n<span style=\"font-size: 21px;\">Gerentes de Marketing de Produto<\/span><br \/>\n<span style=\"font-size: 21px;\">Especialistas em intelig\u00eancia de mercado<\/span><br \/>\n<span style=\"font-size: 21px;\">Chefes de Inova\u00e7\u00e3o<\/span><br \/>\n<span style=\"font-size: 21px;\">Chefes de Estrat\u00e9gia<\/span><br \/>\n<span style=\"font-size: 21px;\">Diretores de Opera\u00e7\u00f5es<\/span><br \/>\n<span style=\"font-size: 21px;\">Analistas de neg\u00f3cios<\/span><br \/>\n<span style=\"font-size: 21px;\">Consultores de Vendas<\/span><br \/>\n<span style=\"font-size: 21px;\">Acad\u00eamicos<\/span><\/p>","protected":false},"excerpt":{"rendered":"<p>Report Description and Data Source The AI-driven drug discovery report provides a detailed patent landscape analysis, reviewing 1,087 patents from a range of primary jurisdictions, with data from both patent filings and market sales insights. It combines quantitative and qualitative data, offering a reliable data foundation that includes patent applications, technology trends, and market sales [&hellip;]<\/p>","protected":false},"featured_media":7390,"comment_status":"open","ping_status":"closed","template":"","meta":{"inline_featured_image":false},"product_brand":[],"product_cat":[83],"product_tag":[],"class_list":{"0":"post-6960","1":"product","2":"type-product","3":"status-publish","4":"has-post-thumbnail","6":"product_cat-health-and-pharmaceutical","8":"first","9":"instock","10":"downloadable","11":"virtual","12":"sold-individually","13":"purchasable","14":"product-type-simple"},"_links":{"self":[{"href":"https:\/\/stimanalytics.ai\/pt\/wp-json\/wp\/v2\/product\/6960","targetHints":{"allow":["GET"]}}],"collection":[{"href":"https:\/\/stimanalytics.ai\/pt\/wp-json\/wp\/v2\/product"}],"about":[{"href":"https:\/\/stimanalytics.ai\/pt\/wp-json\/wp\/v2\/types\/product"}],"replies":[{"embeddable":true,"href":"https:\/\/stimanalytics.ai\/pt\/wp-json\/wp\/v2\/comments?post=6960"}],"wp:featuredmedia":[{"embeddable":true,"href":"https:\/\/stimanalytics.ai\/pt\/wp-json\/wp\/v2\/media\/7390"}],"wp:attachment":[{"href":"https:\/\/stimanalytics.ai\/pt\/wp-json\/wp\/v2\/media?parent=6960"}],"wp:term":[{"taxonomy":"product_brand","embeddable":true,"href":"https:\/\/stimanalytics.ai\/pt\/wp-json\/wp\/v2\/product_brand?post=6960"},{"taxonomy":"product_cat","embeddable":true,"href":"https:\/\/stimanalytics.ai\/pt\/wp-json\/wp\/v2\/product_cat?post=6960"},{"taxonomy":"product_tag","embeddable":true,"href":"https:\/\/stimanalytics.ai\/pt\/wp-json\/wp\/v2\/product_tag?post=6960"}],"curies":[{"name":"wp","href":"https:\/\/api.w.org\/{rel}","templated":true}]}}