{"id":6399,"date":"2024-10-24T11:40:41","date_gmt":"2024-10-24T11:40:41","guid":{"rendered":"https:\/\/stimanalytics.ai\/?post_type=product&#038;p=6399"},"modified":"2025-01-07T06:30:33","modified_gmt":"2025-01-07T06:30:33","slug":"hydrogen-extraction-and-storage","status":"publish","type":"product","link":"https:\/\/stimanalytics.ai\/pt\/produto\/hydrogen-extraction-and-storage\/","title":{"rendered":"Relat\u00f3rio do cen\u00e1rio de patentes de redu\u00e7\u00e3o direta de ferro (DRI) \u00e0 base de hidrog\u00eanio"},"content":{"rendered":"<div class=\"vc_tta-panel-body\">\n<div class=\"wpb_text_column wpb_content_element\">\n<div class=\"wpb_wrapper\">\n<p><span style=\"font-size: 21px;\">Descri\u00e7\u00e3o do relat\u00f3rio e fonte de dados<\/span><br \/>\n<span style=\"font-size: 21px;\">O &quot;<strong>Ferro Reduzido Diretamente \u00e0 Base de Hidrog\u00eanio (DRI)<\/strong>O relat\u00f3rio fornece uma an\u00e1lise detalhada do cen\u00e1rio de patentes, examinando <strong>612 patentes<\/strong> arquivado entre 2010 e 2024. Esses dados abrangentes, obtidos de v\u00e1rios escrit\u00f3rios de patentes em todo o mundo, sustentam insights sobre tecnologias de produ\u00e7\u00e3o de a\u00e7o baseadas em hidrog\u00eanio. Ao combinar dados quantitativos e qualitativos de patentes, o relat\u00f3rio oferece uma base confi\u00e1vel para entender o progresso tecnol\u00f3gico, o potencial de crescimento e as inova\u00e7\u00f5es emergentes na ind\u00fastria de DRI baseada em hidrog\u00eanio. Esta an\u00e1lise destaca os desenvolvimentos na produ\u00e7\u00e3o de a\u00e7o neutro em carbono, rastreando avan\u00e7os em processos-chave, materiais e m\u00e9todos de redu\u00e7\u00e3o de emiss\u00f5es.<\/span><\/p>\n<p><span style=\"font-size: 21px;\">O relat\u00f3rio \u00e9 organizado em se\u00e7\u00f5es principais, cada uma apresentando insights sobre aspectos espec\u00edficos do DRI baseado em hidrog\u00eanio. Essas se\u00e7\u00f5es incluem uma Vis\u00e3o Geral do Cen\u00e1rio de Patentes, An\u00e1lise de Mercado e Concorrentes, An\u00e1lise de Tecnologia e Principais Atores. Cada \u00e1rea fornece informa\u00e7\u00f5es valiosas para dar suporte a decis\u00f5es estrat\u00e9gicas para P&amp;D, investimento e planejamento competitivo no setor de a\u00e7o verde.<\/span><\/p>\n<p><strong><span style=\"font-size: 21px;\">Vis\u00e3o geral da paisagem<\/span><\/strong><br \/>\n<span style=\"font-size: 21px;\">A vis\u00e3o geral do cen\u00e1rio de patentes captura tend\u00eancias na tecnologia DRI baseada em hidrog\u00eanio, revelando uma trajet\u00f3ria de crescimento significativa em registros de patentes. Com a China e os Estados Unidos na vanguarda, o relat\u00f3rio destaca os esfor\u00e7os globais para avan\u00e7ar a produ\u00e7\u00e3o de ferro baseada em hidrog\u00eanio, com a atividade de patenteamento acelerando particularmente nos \u00faltimos anos.<\/span><\/p>\n<p><strong><span style=\"font-size: 21px;\">Se\u00e7\u00e3o de An\u00e1lise de Mercado<\/span><\/strong><br \/>\n<span style=\"font-size: 21px;\">A an\u00e1lise de mercado mergulha na din\u00e2mica competitiva do DRI baseado em hidrog\u00eanio, observando o impacto dessa tecnologia na produ\u00e7\u00e3o global de a\u00e7o. A se\u00e7\u00e3o fornece um instant\u00e2neo da demanda do mercado, taxas de crescimento projetadas e o posicionamento competitivo dos principais participantes, enfatizando regi\u00f5es com investimentos substanciais na produ\u00e7\u00e3o de a\u00e7o verde.<\/span><\/p>\n<p><strong><span style=\"font-size: 21px;\">Se\u00e7\u00e3o de An\u00e1lise de Tecnologia<\/span><\/strong><br \/>\n<span style=\"font-size: 21px;\">Na an\u00e1lise tecnol\u00f3gica, o relat\u00f3rio examina as principais inova\u00e7\u00f5es em DRI baseado em hidrog\u00eanio, incluindo processos para redu\u00e7\u00e3o direta, integra\u00e7\u00e3o de hidrog\u00eanio e redu\u00e7\u00e3o de emiss\u00f5es. Tecnologias-chave como os processos MIDREX\u00ae e ENERGIRON\u00ae s\u00e3o destacadas por seus pap\u00e9is em conduzir a ind\u00fastria em dire\u00e7\u00e3o a metas de sustentabilidade, juntamente com avan\u00e7os em tecnologias digitais e de automa\u00e7\u00e3o para maior efici\u00eancia.<\/span><\/p>\n<p><strong><span style=\"font-size: 21px;\">Se\u00e7\u00e3o de Jogadores Top<\/span><\/strong><br \/>\n<span style=\"font-size: 21px;\">A se\u00e7\u00e3o de top player destaca empresas l\u00edderes no campo de DRI baseado em hidrog\u00eanio, incluindo ArcelorMittal, MIDREX Technologies Inc., HYL Technologies, Danieli &amp; C. Officine Meccaniche SpA e Mitsubishi Corporation. Cada empresa \u00e9 perfilada por suas contribui\u00e7\u00f5es de patentes, foco estrat\u00e9gico e colabora\u00e7\u00f5es, mostrando sua influ\u00eancia na produ\u00e7\u00e3o de a\u00e7o sustent\u00e1vel e redu\u00e7\u00e3o de ferro baseada em hidrog\u00eanio.<\/span><br \/>\n<span style=\"font-size: 21px;\">No geral, este relat\u00f3rio apresenta uma vis\u00e3o completa do setor de DRI baseado em hidrog\u00eanio, desde tend\u00eancias de patentes e mercado at\u00e9 avan\u00e7os tecnol\u00f3gicos e estrat\u00e9gias competitivas. Ao misturar dados de patentes com insights do setor, este relat\u00f3rio serve como um recurso valioso para empresas e formuladores de pol\u00edticas focados na produ\u00e7\u00e3o de a\u00e7o sustent\u00e1vel.<\/span><\/p>\n<p>&nbsp;<\/p>\n<p><strong><span style=\"font-size: 21px;\">O que voc\u00ea receber\u00e1:<\/span><\/strong><br \/>\n<span style=\"font-size: 21px;\">Relat\u00f3rio completo em PDF com mais de 110 p\u00e1ginas<\/span><br \/>\n<span style=\"font-size: 21px;\">Slides em PDF com mais de 40 p\u00e1ginas<\/span><br \/>\n<span style=\"font-size: 21px;\">Arquivo Excel de cada figura incluindo dados estendidos<\/span><\/p>\n<p>&nbsp;<\/p>\n<p><strong><span style=\"font-size: 21px;\">Pessoas que podem estar interessadas no relat\u00f3rio:<\/span><\/strong><br \/>\n<span style=\"font-size: 21px;\">Diretor de Marketing<\/span><br \/>\n<span style=\"font-size: 21px;\">Profissionais de desenvolvimento de neg\u00f3cios<\/span><br \/>\n<span style=\"font-size: 21px;\">Executivos de Estrat\u00e9gia Corporativa<\/span><br \/>\n<span style=\"font-size: 21px;\">Oficiais de P&amp;D e Inova\u00e7\u00e3o<\/span><br \/>\n<span style=\"font-size: 21px;\">Analistas de Investimentos<\/span><br \/>\n<span style=\"font-size: 21px;\">Gerentes de produto<\/span><br \/>\n<span style=\"font-size: 21px;\">Diretores de Marketing<\/span><br \/>\n<span style=\"font-size: 21px;\">Diretores de Vendas<\/span><br \/>\n<span style=\"font-size: 21px;\">Vice-presidente \u2013 Vendas<\/span><br \/>\n<span style=\"font-size: 21px;\">Vice-presidente \u2013 Marketing<\/span><br \/>\n<span style=\"font-size: 21px;\">Chefes de Marketing<\/span><br \/>\n<span style=\"font-size: 21px;\">Analistas<\/span><br \/>\n<span style=\"font-size: 21px;\">Profissionais de Planejamento Corporativo<\/span><br \/>\n<span style=\"font-size: 21px;\">Gerentes de Marketing de Produto<\/span><br \/>\n<span style=\"font-size: 21px;\">Especialistas em intelig\u00eancia de mercado<\/span><br \/>\n<span style=\"font-size: 21px;\">Chefes de Inova\u00e7\u00e3o<\/span><br \/>\n<span style=\"font-size: 21px;\">Chefes de Estrat\u00e9gia<\/span><br \/>\n<span style=\"font-size: 21px;\">Diretores de Opera\u00e7\u00f5es<\/span><br \/>\n<span style=\"font-size: 21px;\">Analistas de neg\u00f3cios<\/span><br \/>\n<span style=\"font-size: 21px;\">Consultores de Vendas<\/span><br \/>\n<span style=\"font-size: 21px;\">Acad\u00eamicos<\/span><\/p>\n<\/div>\n<\/div>\n<\/div>","protected":false},"excerpt":{"rendered":"<p>Report Description and Data Source The &#8220;Hydrogen-Based Direct Reduced Iron (DRI)&#8221; report provides a detailed patent landscape analysis, examining 612 patents filed between 2010 and 2024. This comprehensive data, sourced from multiple patent offices worldwide, underpins insights into hydrogen-based steel production technologies. By combining both quantitative and qualitative patent data, the report offers a reliable [&hellip;]<\/p>","protected":false},"featured_media":7378,"comment_status":"open","ping_status":"closed","template":"","meta":{"inline_featured_image":false},"product_brand":[],"product_cat":[82],"product_tag":[],"class_list":{"0":"post-6399","1":"product","2":"type-product","3":"status-publish","4":"has-post-thumbnail","6":"product_cat-mining-industry","8":"first","9":"instock","10":"downloadable","11":"virtual","12":"sold-individually","13":"purchasable","14":"product-type-simple"},"_links":{"self":[{"href":"https:\/\/stimanalytics.ai\/pt\/wp-json\/wp\/v2\/product\/6399","targetHints":{"allow":["GET"]}}],"collection":[{"href":"https:\/\/stimanalytics.ai\/pt\/wp-json\/wp\/v2\/product"}],"about":[{"href":"https:\/\/stimanalytics.ai\/pt\/wp-json\/wp\/v2\/types\/product"}],"replies":[{"embeddable":true,"href":"https:\/\/stimanalytics.ai\/pt\/wp-json\/wp\/v2\/comments?post=6399"}],"wp:featuredmedia":[{"embeddable":true,"href":"https:\/\/stimanalytics.ai\/pt\/wp-json\/wp\/v2\/media\/7378"}],"wp:attachment":[{"href":"https:\/\/stimanalytics.ai\/pt\/wp-json\/wp\/v2\/media?parent=6399"}],"wp:term":[{"taxonomy":"product_brand","embeddable":true,"href":"https:\/\/stimanalytics.ai\/pt\/wp-json\/wp\/v2\/product_brand?post=6399"},{"taxonomy":"product_cat","embeddable":true,"href":"https:\/\/stimanalytics.ai\/pt\/wp-json\/wp\/v2\/product_cat?post=6399"},{"taxonomy":"product_tag","embeddable":true,"href":"https:\/\/stimanalytics.ai\/pt\/wp-json\/wp\/v2\/product_tag?post=6399"}],"curies":[{"name":"wp","href":"https:\/\/api.w.org\/{rel}","templated":true}]}}