{"id":1952,"date":"2023-08-08T09:05:25","date_gmt":"2023-08-08T09:05:25","guid":{"rendered":"http:\/\/ai-hub-inner-page-blog-1.local\/?page_id=1902"},"modified":"2024-11-14T15:38:11","modified_gmt":"2024-11-14T15:38:11","slug":"blog","status":"publish","type":"page","link":"https:\/\/stimanalytics.ai\/pt\/blog\/","title":{"rendered":"Blogue"},"content":{"rendered":"<div data-elementor-type=\"wp-page\" data-elementor-id=\"1952\" class=\"elementor elementor-1952\" data-elementor-post-type=\"page\">\n\t\t\t\t<div class=\"elementor-element elementor-element-e1db58a e-flex e-con-boxed e-con e-parent\" data-id=\"e1db58a\" data-element_type=\"container\" data-settings=\"{&quot;background_background&quot;:&quot;gradient&quot;}\">\n\t\t\t\t\t<div class=\"e-con-inner\">\n\t\t\t\t<div class=\"elementor-element elementor-element-cb6b6ee lqd-text-tag-h1 elementor-widget elementor-widget-lqd-text\" data-id=\"cb6b6ee\" data-element_type=\"widget\" data-widget_type=\"lqd-text.default\">\n\t\t\t\t<div class=\"elementor-widget-container\">\n\t\t\t\t\t<h1 class=\"lqd-text-el m-0 p-0\"><span class=\"lqd-text-item relative elementor-repeater-item-cdee364\">Blogue<\/span><\/h1>\t\t\t\t<\/div>\n\t\t\t\t<\/div>\n\t\t\t\t<div class=\"elementor-element elementor-element-5d11f2e lqd-text-tag-p elementor-widget__width-initial elementor-widget-mobile__width-inherit elementor-widget elementor-widget-lqd-text\" data-id=\"5d11f2e\" data-element_type=\"widget\" data-widget_type=\"lqd-text.default\">\n\t\t\t\t<div class=\"elementor-widget-container\">\n\t\t\t\t\t<p class=\"lqd-text-el m-0 p-0\"><span class=\"lqd-text-item relative elementor-repeater-item-ac1fef4\">Aqui est\u00e3o algumas das \u00faltimas not\u00edcias e tend\u00eancias que temos acompanhado.<\/span><\/p>\t\t\t\t<\/div>\n\t\t\t\t<\/div>\n\t\t\t\t\t<\/div>\n\t\t\t\t<\/div>\n\t\t<div class=\"elementor-element elementor-element-eba9692 e-flex e-con-boxed e-con e-parent\" data-id=\"eba9692\" data-element_type=\"container\">\n\t\t\t\t\t<div class=\"e-con-inner\">\n\t\t\t\t<div class=\"elementor-element elementor-element-65008bd elementor-widget__width-inherit elementor-widget elementor-widget-lqd-posts-list lqd-widget-container-flex lqd-widget-container-flex-wrap\" data-id=\"65008bd\" data-element_type=\"widget\" data-widget_type=\"lqd-posts-list.default\">\n\t\t\t\t<div class=\"elementor-widget-container\">\n\t\t\t\t\t\n\t\t<article id=\"post-7948\" class=\"lqd-post relative transition-all post-7948 post type-post status-publish format-standard has-post-thumbnail hentry category-uncategorized\" data-lqd-post-type=\"post\">\t\t<div class=\"lqd-post-media relative z-0 elementor-repeater-item-c4afbd3\">\n\t\t\t<figure class=\"lqd-post-media-fig rounded-inherit\">\n\t\t\t\t\t\t\t\t<a href=\"https:\/\/stimanalytics.ai\/pt\/leaders-in-gas-storage-technology\/\">\n\t\t\t\t\t\t\t\t<img fetchpriority=\"high\" decoding=\"async\" width=\"4716\" height=\"3140\" src=\"https:\/\/stimanalytics.ai\/wp-content\/uploads\/2025\/07\/natural-gas.jpg\" class=\"w-full rounded-inherit object-cover object-center wp-post-image\" alt=\"\" srcset=\"https:\/\/stimanalytics.ai\/wp-content\/uploads\/2025\/07\/natural-gas.jpg 4716w, https:\/\/stimanalytics.ai\/wp-content\/uploads\/2025\/07\/natural-gas-300x200.jpg 300w, https:\/\/stimanalytics.ai\/wp-content\/uploads\/2025\/07\/natural-gas-1024x682.jpg 1024w, https:\/\/stimanalytics.ai\/wp-content\/uploads\/2025\/07\/natural-gas-18x12.jpg 18w\" sizes=\"(max-width: 4716px) 100vw, 4716px\" \/>\t\t\t\t\t\t\t\t<\/a>\n\t\t\t\t\t\t\t<\/figure>\t\t<\/div>\n\t\t\n\t\t<div class=\"lqd-post-meta flex flex-wrap items-center relative z-1 transition-colors elementor-repeater-item-e2ba2a8\">\t\t\t\t<span class=\"lqd-post-meta-part inline-flex flex-wrap items-center transition-colors\" data-lqd-post-meta-part=\"time\">\n\t\t\t\t<time class=\"lqd-post-date\" datetime=\"2025-07-31T18:25:26+00:00\">8 meses ago<\/time>\t\t\t\t<\/span>\t\t\t\t\t<span class=\"lqd-post-meta-separator\">\u23fa<\/span>\n\t\t\t\t\t\t\t\t<span class=\"lqd-post-meta-part inline-flex flex-wrap items-center transition-colors\" data-lqd-post-meta-part=\"categories\">\n\t\t\t\t\n\t\t<span class=\"screen-reader-text\">\n\t\t\tCategories\t\t<\/span>\n\t\t\t\t<a href=\"https:\/\/stimanalytics.ai\/pt\/category\/uncategorized\/\" class=\"text-inherit rounded-inherit transition-colors\" rel=\"category\">Sem categoria<\/a>\n\t\t\t\t\t\t<\/span><\/div>\n\n\t\t<h4 class=\"lqd-post-title m-0 p-0 relative z-1 elementor-repeater-item-ea2ac79\"><a class=\"transition-colors\" href=\"https:\/\/stimanalytics.ai\/pt\/leaders-in-gas-storage-technology\/\">Leaders in Gas Storage Technology<\/a><\/h4>\t\t<div class=\"lqd-post-excerpt m-0 p-0 relative z-1 elementor-repeater-item-91f75a9\"><p>According to the &#8220;Peak Shaving by Gas Reservation&#8221; report by<\/p>\n<\/div>\n\t\t<\/article>\n\n\t\t\n\t\t<article id=\"post-7203\" class=\"lqd-post relative transition-all post-7203 post type-post status-publish format-standard has-post-thumbnail hentry category-mining\" data-lqd-post-type=\"post\">\t\t<div class=\"lqd-post-media relative z-0 elementor-repeater-item-c4afbd3\">\n\t\t\t<figure class=\"lqd-post-media-fig rounded-inherit\">\n\t\t\t\t\t\t\t\t<a href=\"https:\/\/stimanalytics.ai\/pt\/forging-the-future-of-steel-stimanalytics-insights-on-direct-reduced-iron-dri\/\">\n\t\t\t\t\t\t\t\t<img decoding=\"async\" width=\"1537\" height=\"772\" src=\"https:\/\/stimanalytics.ai\/wp-content\/uploads\/2025\/01\/Artboard-73-100.jpg\" class=\"w-full rounded-inherit object-cover object-center wp-post-image\" alt=\"\" srcset=\"https:\/\/stimanalytics.ai\/wp-content\/uploads\/2025\/01\/Artboard-73-100.jpg 1537w, https:\/\/stimanalytics.ai\/wp-content\/uploads\/2025\/01\/Artboard-73-100-300x151.jpg 300w, https:\/\/stimanalytics.ai\/wp-content\/uploads\/2025\/01\/Artboard-73-100-1024x514.jpg 1024w, https:\/\/stimanalytics.ai\/wp-content\/uploads\/2025\/01\/Artboard-73-100-18x9.jpg 18w\" sizes=\"(max-width: 1537px) 100vw, 1537px\" \/>\t\t\t\t\t\t\t\t<\/a>\n\t\t\t\t\t\t\t<\/figure>\t\t<\/div>\n\t\t\n\t\t<div class=\"lqd-post-meta flex flex-wrap items-center relative z-1 transition-colors elementor-repeater-item-e2ba2a8\">\t\t\t\t<span class=\"lqd-post-meta-part inline-flex flex-wrap items-center transition-colors\" data-lqd-post-meta-part=\"time\">\n\t\t\t\t<time class=\"lqd-post-date\" datetime=\"2025-01-06T12:41:33+00:00\">1 ano ago<\/time>\t\t\t\t<\/span>\t\t\t\t\t<span class=\"lqd-post-meta-separator\">\u23fa<\/span>\n\t\t\t\t\t\t\t\t<span class=\"lqd-post-meta-part inline-flex flex-wrap items-center transition-colors\" data-lqd-post-meta-part=\"categories\">\n\t\t\t\t\n\t\t<span class=\"screen-reader-text\">\n\t\t\tCategories\t\t<\/span>\n\t\t\t\t<a href=\"https:\/\/stimanalytics.ai\/pt\/category\/mining\/\" class=\"text-inherit rounded-inherit transition-colors\" rel=\"category\">Minera\u00e7\u00e3o<\/a>\n\t\t\t\t\t\t<\/span><\/div>\n\n\t\t<h4 class=\"lqd-post-title m-0 p-0 relative z-1 elementor-repeater-item-ea2ac79\"><a class=\"transition-colors\" href=\"https:\/\/stimanalytics.ai\/pt\/forging-the-future-of-steel-stimanalytics-insights-on-direct-reduced-iron-dri\/\">Forging the Future of Steel: STIMAnalytics Insights on Direct Reduced Iron (DRI)<\/a><\/h4>\t\t<div class=\"lqd-post-excerpt m-0 p-0 relative z-1 elementor-repeater-item-91f75a9\"><p>The steel industry underpins modern infrastructure and industrial growth worldwide.<\/p>\n<\/div>\n\t\t<\/article>\n\n\t\t\n\t\t<article id=\"post-7152\" class=\"lqd-post relative transition-all post-7152 post type-post status-publish format-standard has-post-thumbnail hentry category-petrochemical\" data-lqd-post-type=\"post\">\t\t<div class=\"lqd-post-media relative z-0 elementor-repeater-item-c4afbd3\">\n\t\t\t<figure class=\"lqd-post-media-fig rounded-inherit\">\n\t\t\t\t\t\t\t\t<a href=\"https:\/\/stimanalytics.ai\/pt\/unleashing-the-full-potential-of-the-petrochemical-sector-through-patent-landscape-insights-a-focus-on-pet\/\">\n\t\t\t\t\t\t\t\t<img decoding=\"async\" width=\"1536\" height=\"769\" src=\"https:\/\/stimanalytics.ai\/wp-content\/uploads\/2025\/01\/Artboard-78-100.jpg\" class=\"w-full rounded-inherit object-cover object-center wp-post-image\" alt=\"\" srcset=\"https:\/\/stimanalytics.ai\/wp-content\/uploads\/2025\/01\/Artboard-78-100.jpg 1536w, https:\/\/stimanalytics.ai\/wp-content\/uploads\/2025\/01\/Artboard-78-100-300x150.jpg 300w, https:\/\/stimanalytics.ai\/wp-content\/uploads\/2025\/01\/Artboard-78-100-1024x513.jpg 1024w, https:\/\/stimanalytics.ai\/wp-content\/uploads\/2025\/01\/Artboard-78-100-18x9.jpg 18w\" sizes=\"(max-width: 1536px) 100vw, 1536px\" \/>\t\t\t\t\t\t\t\t<\/a>\n\t\t\t\t\t\t\t<\/figure>\t\t<\/div>\n\t\t\n\t\t<div class=\"lqd-post-meta flex flex-wrap items-center relative z-1 transition-colors elementor-repeater-item-e2ba2a8\">\t\t\t\t<span class=\"lqd-post-meta-part inline-flex flex-wrap items-center transition-colors\" data-lqd-post-meta-part=\"time\">\n\t\t\t\t<time class=\"lqd-post-date\" datetime=\"2025-01-06T12:35:29+00:00\">1 ano ago<\/time>\t\t\t\t<\/span>\t\t\t\t\t<span class=\"lqd-post-meta-separator\">\u23fa<\/span>\n\t\t\t\t\t\t\t\t<span class=\"lqd-post-meta-part inline-flex flex-wrap items-center transition-colors\" data-lqd-post-meta-part=\"categories\">\n\t\t\t\t\n\t\t<span class=\"screen-reader-text\">\n\t\t\tCategories\t\t<\/span>\n\t\t\t\t<a href=\"https:\/\/stimanalytics.ai\/pt\/category\/petrochemical\/\" class=\"text-inherit rounded-inherit transition-colors\" rel=\"category\">Petrochemical<\/a>\n\t\t\t\t\t\t<\/span><\/div>\n\n\t\t<h4 class=\"lqd-post-title m-0 p-0 relative z-1 elementor-repeater-item-ea2ac79\"><a class=\"transition-colors\" href=\"https:\/\/stimanalytics.ai\/pt\/unleashing-the-full-potential-of-the-petrochemical-sector-through-patent-landscape-insights-a-focus-on-pet\/\">Unleashing the Full Potential of the Petrochemical Sector Through Patent Landscape Insights: A Focus on PET<\/a><\/h4>\t\t<div class=\"lqd-post-excerpt m-0 p-0 relative z-1 elementor-repeater-item-91f75a9\"><p>Polyethylene Terephthalate (PET) stands as one of the most versatile<\/p>\n<\/div>\n\t\t<\/article>\n\n\t\t\n\t\t<article id=\"post-7150\" class=\"lqd-post relative transition-all post-7150 post type-post status-publish format-standard has-post-thumbnail hentry category-pharmacology\" data-lqd-post-type=\"post\">\t\t<div class=\"lqd-post-media relative z-0 elementor-repeater-item-c4afbd3\">\n\t\t\t<figure class=\"lqd-post-media-fig rounded-inherit\">\n\t\t\t\t\t\t\t\t<a href=\"https:\/\/stimanalytics.ai\/pt\/why-do-leading-pharmacology-companies-rely-on-patent-landscape-reports\/\">\n\t\t\t\t\t\t\t\t<img loading=\"lazy\" decoding=\"async\" width=\"1537\" height=\"769\" src=\"https:\/\/stimanalytics.ai\/wp-content\/uploads\/2025\/01\/Artboard-75-100.jpg\" class=\"w-full rounded-inherit object-cover object-center wp-post-image\" alt=\"\" srcset=\"https:\/\/stimanalytics.ai\/wp-content\/uploads\/2025\/01\/Artboard-75-100.jpg 1537w, https:\/\/stimanalytics.ai\/wp-content\/uploads\/2025\/01\/Artboard-75-100-300x150.jpg 300w, https:\/\/stimanalytics.ai\/wp-content\/uploads\/2025\/01\/Artboard-75-100-1024x512.jpg 1024w, https:\/\/stimanalytics.ai\/wp-content\/uploads\/2025\/01\/Artboard-75-100-18x9.jpg 18w\" sizes=\"(max-width: 1537px) 100vw, 1537px\" \/>\t\t\t\t\t\t\t\t<\/a>\n\t\t\t\t\t\t\t<\/figure>\t\t<\/div>\n\t\t\n\t\t<div class=\"lqd-post-meta flex flex-wrap items-center relative z-1 transition-colors elementor-repeater-item-e2ba2a8\">\t\t\t\t<span class=\"lqd-post-meta-part inline-flex flex-wrap items-center transition-colors\" data-lqd-post-meta-part=\"time\">\n\t\t\t\t<time class=\"lqd-post-date\" datetime=\"2025-01-06T12:24:40+00:00\">1 ano ago<\/time>\t\t\t\t<\/span>\t\t\t\t\t<span class=\"lqd-post-meta-separator\">\u23fa<\/span>\n\t\t\t\t\t\t\t\t<span class=\"lqd-post-meta-part inline-flex flex-wrap items-center transition-colors\" data-lqd-post-meta-part=\"categories\">\n\t\t\t\t\n\t\t<span class=\"screen-reader-text\">\n\t\t\tCategories\t\t<\/span>\n\t\t\t\t<a href=\"https:\/\/stimanalytics.ai\/pt\/category\/pharmacology\/\" class=\"text-inherit rounded-inherit transition-colors\" rel=\"category\">Pharmacology<\/a>\n\t\t\t\t\t\t<\/span><\/div>\n\n\t\t<h4 class=\"lqd-post-title m-0 p-0 relative z-1 elementor-repeater-item-ea2ac79\"><a class=\"transition-colors\" href=\"https:\/\/stimanalytics.ai\/pt\/why-do-leading-pharmacology-companies-rely-on-patent-landscape-reports\/\">Why Do Leading Pharmacology Companies Rely on Patent Landscape Reports?<\/a><\/h4>\t\t<div class=\"lqd-post-excerpt m-0 p-0 relative z-1 elementor-repeater-item-91f75a9\"><p>In recent years, Patent Landscape Reports have emerged as a<\/p>\n<\/div>\n\t\t<\/article>\n\n\t\t\n\t\t<article id=\"post-5595\" class=\"lqd-post relative transition-all post-5595 post type-post status-publish format-standard has-post-thumbnail hentry category-uncategorized\" data-lqd-post-type=\"post\">\t\t<div class=\"lqd-post-media relative z-0 elementor-repeater-item-c4afbd3\">\n\t\t\t<figure class=\"lqd-post-media-fig rounded-inherit\">\n\t\t\t\t\t\t\t\t<a href=\"https:\/\/stimanalytics.ai\/pt\/best-practices-and-common-pitfalls-of-ai\/\">\n\t\t\t\t\t\t\t\t<img loading=\"lazy\" decoding=\"async\" width=\"1536\" height=\"768\" src=\"https:\/\/stimanalytics.ai\/wp-content\/uploads\/2024\/11\/Artboard-47-1.png\" class=\"w-full rounded-inherit object-cover object-center wp-post-image\" alt=\"\" srcset=\"https:\/\/stimanalytics.ai\/wp-content\/uploads\/2024\/11\/Artboard-47-1.png 1536w, https:\/\/stimanalytics.ai\/wp-content\/uploads\/2024\/11\/Artboard-47-1-300x150.png 300w, https:\/\/stimanalytics.ai\/wp-content\/uploads\/2024\/11\/Artboard-47-1-1024x512.png 1024w, https:\/\/stimanalytics.ai\/wp-content\/uploads\/2024\/11\/Artboard-47-1-18x9.png 18w\" sizes=\"(max-width: 1536px) 100vw, 1536px\" \/>\t\t\t\t\t\t\t\t<\/a>\n\t\t\t\t\t\t\t<\/figure>\t\t<\/div>\n\t\t\n\t\t<div class=\"lqd-post-meta flex flex-wrap items-center relative z-1 transition-colors elementor-repeater-item-e2ba2a8\">\t\t\t\t<span class=\"lqd-post-meta-part inline-flex flex-wrap items-center transition-colors\" data-lqd-post-meta-part=\"time\">\n\t\t\t\t<time class=\"lqd-post-date\" datetime=\"2024-11-03T09:24:29+00:00\">1 ano ago<\/time>\t\t\t\t<\/span>\t\t\t\t\t<span class=\"lqd-post-meta-separator\">\u23fa<\/span>\n\t\t\t\t\t\t\t\t<span class=\"lqd-post-meta-part inline-flex flex-wrap items-center transition-colors\" data-lqd-post-meta-part=\"categories\">\n\t\t\t\t\n\t\t<span class=\"screen-reader-text\">\n\t\t\tCategories\t\t<\/span>\n\t\t\t\t<a href=\"https:\/\/stimanalytics.ai\/pt\/category\/uncategorized\/\" class=\"text-inherit rounded-inherit transition-colors\" rel=\"category\">Sem categoria<\/a>\n\t\t\t\t\t\t<\/span><\/div>\n\n\t\t<h4 class=\"lqd-post-title m-0 p-0 relative z-1 elementor-repeater-item-ea2ac79\"><a class=\"transition-colors\" href=\"https:\/\/stimanalytics.ai\/pt\/best-practices-and-common-pitfalls-of-ai\/\">Usando relat\u00f3rios de cen\u00e1rio de patentes para monitorar e analisar concorrentes<\/a><\/h4>\t\t<div class=\"lqd-post-excerpt m-0 p-0 relative z-1 elementor-repeater-item-91f75a9\"><p>Em nosso site de cria\u00e7\u00e3o de imagens de IA, nos orgulhamos dos resultados tang\u00edveis que nossa tecnologia pode fornecer.<\/p>\n<\/div>\n\t\t<\/article>\n\n\t\t\n\t\t<article id=\"post-5594\" class=\"lqd-post relative transition-all post-5594 post type-post status-publish format-standard has-post-thumbnail hentry category-uncategorized\" data-lqd-post-type=\"post\">\t\t<div class=\"lqd-post-media relative z-0 elementor-repeater-item-c4afbd3\">\n\t\t\t<figure class=\"lqd-post-media-fig rounded-inherit\">\n\t\t\t\t\t\t\t\t<a href=\"https:\/\/stimanalytics.ai\/pt\/what-customer-service-processes-provide\/\">\n\t\t\t\t\t\t\t\t<img loading=\"lazy\" decoding=\"async\" width=\"1536\" height=\"768\" src=\"https:\/\/stimanalytics.ai\/wp-content\/uploads\/2024\/10\/redmi1_An_analyst_uses_a_computer_and_dashboard_for_data_busine.jpg\" class=\"w-full rounded-inherit object-cover object-center wp-post-image\" alt=\"\" srcset=\"https:\/\/stimanalytics.ai\/wp-content\/uploads\/2024\/10\/redmi1_An_analyst_uses_a_computer_and_dashboard_for_data_busine.jpg 1536w, https:\/\/stimanalytics.ai\/wp-content\/uploads\/2024\/10\/redmi1_An_analyst_uses_a_computer_and_dashboard_for_data_busine-300x150.jpg 300w, https:\/\/stimanalytics.ai\/wp-content\/uploads\/2024\/10\/redmi1_An_analyst_uses_a_computer_and_dashboard_for_data_busine-1024x512.jpg 1024w, https:\/\/stimanalytics.ai\/wp-content\/uploads\/2024\/10\/redmi1_An_analyst_uses_a_computer_and_dashboard_for_data_busine-18x9.jpg 18w\" sizes=\"(max-width: 1536px) 100vw, 1536px\" \/>\t\t\t\t\t\t\t\t<\/a>\n\t\t\t\t\t\t\t<\/figure>\t\t<\/div>\n\t\t\n\t\t<div class=\"lqd-post-meta flex flex-wrap items-center relative z-1 transition-colors elementor-repeater-item-e2ba2a8\">\t\t\t\t<span class=\"lqd-post-meta-part inline-flex flex-wrap items-center transition-colors\" data-lqd-post-meta-part=\"time\">\n\t\t\t\t<time class=\"lqd-post-date\" datetime=\"2024-10-02T17:08:56+00:00\">2 anos ago<\/time>\t\t\t\t<\/span>\t\t\t\t\t<span class=\"lqd-post-meta-separator\">\u23fa<\/span>\n\t\t\t\t\t\t\t\t<span class=\"lqd-post-meta-part inline-flex flex-wrap items-center transition-colors\" data-lqd-post-meta-part=\"categories\">\n\t\t\t\t\n\t\t<span class=\"screen-reader-text\">\n\t\t\tCategories\t\t<\/span>\n\t\t\t\t<a href=\"https:\/\/stimanalytics.ai\/pt\/category\/uncategorized\/\" class=\"text-inherit rounded-inherit transition-colors\" rel=\"category\">Sem categoria<\/a>\n\t\t\t\t\t\t<\/span><\/div>\n\n\t\t<h4 class=\"lqd-post-title m-0 p-0 relative z-1 elementor-repeater-item-ea2ac79\"><a class=\"transition-colors\" href=\"https:\/\/stimanalytics.ai\/pt\/what-customer-service-processes-provide\/\">Por que os relat\u00f3rios de cen\u00e1rio de patentes s\u00e3o superiores \u00e0 an\u00e1lise de mercado cl\u00e1ssica<\/a><\/h4>\t\t<div class=\"lqd-post-excerpt m-0 p-0 relative z-1 elementor-repeater-item-91f75a9\"><p>Em nosso site de cria\u00e7\u00e3o de imagens de IA, nos orgulhamos dos resultados tang\u00edveis que nossa tecnologia pode fornecer.<\/p>\n<\/div>\n\t\t<\/article>\n\n\t\t\n\t\t<article id=\"post-5629\" class=\"lqd-post relative transition-all post-5629 post type-post status-publish format-standard has-post-thumbnail hentry category-uncategorized\" data-lqd-post-type=\"post\">\t\t<div class=\"lqd-post-media relative z-0 elementor-repeater-item-c4afbd3\">\n\t\t\t<figure class=\"lqd-post-media-fig rounded-inherit\">\n\t\t\t\t\t\t\t\t<a href=\"https:\/\/stimanalytics.ai\/pt\/powerful-ai-model-switches-to-quantum-pc\/\">\n\t\t\t\t\t\t\t\t<img loading=\"lazy\" decoding=\"async\" width=\"1536\" height=\"768\" src=\"https:\/\/stimanalytics.ai\/wp-content\/uploads\/2024\/11\/Untitled-1.jpg\" class=\"w-full rounded-inherit object-cover object-center wp-post-image\" alt=\"\" srcset=\"https:\/\/stimanalytics.ai\/wp-content\/uploads\/2024\/11\/Untitled-1.jpg 1536w, https:\/\/stimanalytics.ai\/wp-content\/uploads\/2024\/11\/Untitled-1-300x150.jpg 300w, https:\/\/stimanalytics.ai\/wp-content\/uploads\/2024\/11\/Untitled-1-1024x512.jpg 1024w, https:\/\/stimanalytics.ai\/wp-content\/uploads\/2024\/11\/Untitled-1-18x9.jpg 18w\" sizes=\"(max-width: 1536px) 100vw, 1536px\" \/>\t\t\t\t\t\t\t\t<\/a>\n\t\t\t\t\t\t\t<\/figure>\t\t<\/div>\n\t\t\n\t\t<div class=\"lqd-post-meta flex flex-wrap items-center relative z-1 transition-colors elementor-repeater-item-e2ba2a8\">\t\t\t\t<span class=\"lqd-post-meta-part inline-flex flex-wrap items-center transition-colors\" data-lqd-post-meta-part=\"time\">\n\t\t\t\t<time class=\"lqd-post-date\" datetime=\"2024-09-01T13:40:12+00:00\">2 anos ago<\/time>\t\t\t\t<\/span>\t\t\t\t\t<span class=\"lqd-post-meta-separator\">\u23fa<\/span>\n\t\t\t\t\t\t\t\t<span class=\"lqd-post-meta-part inline-flex flex-wrap items-center transition-colors\" data-lqd-post-meta-part=\"categories\">\n\t\t\t\t\n\t\t<span class=\"screen-reader-text\">\n\t\t\tCategories\t\t<\/span>\n\t\t\t\t<a href=\"https:\/\/stimanalytics.ai\/pt\/category\/uncategorized\/\" class=\"text-inherit rounded-inherit transition-colors\" rel=\"category\">Sem categoria<\/a>\n\t\t\t\t\t\t<\/span><\/div>\n\n\t\t<h4 class=\"lqd-post-title m-0 p-0 relative z-1 elementor-repeater-item-ea2ac79\"><a class=\"transition-colors\" href=\"https:\/\/stimanalytics.ai\/pt\/powerful-ai-model-switches-to-quantum-pc\/\">A import\u00e2ncia da an\u00e1lise de mercado para empresas em Dubai e GCC<\/a><\/h4>\t\t<div class=\"lqd-post-excerpt m-0 p-0 relative z-1 elementor-repeater-item-91f75a9\"><p>Embora a intelig\u00eancia artificial tenha, sem d\u00favida, revolucionado o mundo da cria\u00e7\u00e3o de imagens, ela tamb\u00e9m levanta quest\u00f5es importantes.<\/p>\n<\/div>\n\t\t<\/article>\n\n\t\t\t\t\t\t<\/div>\n\t\t\t\t<\/div>\n\t\t\t\t\t<\/div>\n\t\t\t\t<\/div>\n\t\t\t\t<\/div>","protected":false},"excerpt":{"rendered":"<p>Blog Here are some of the latest news and trends<\/p>","protected":false},"author":1,"featured_media":0,"parent":0,"menu_order":0,"comment_status":"closed","ping_status":"closed","template":"","meta":{"inline_featured_image":false,"footnotes":""},"class_list":["post-1952","page","type-page","status-publish","hentry"],"_links":{"self":[{"href":"https:\/\/stimanalytics.ai\/pt\/wp-json\/wp\/v2\/pages\/1952","targetHints":{"allow":["GET"]}}],"collection":[{"href":"https:\/\/stimanalytics.ai\/pt\/wp-json\/wp\/v2\/pages"}],"about":[{"href":"https:\/\/stimanalytics.ai\/pt\/wp-json\/wp\/v2\/types\/page"}],"author":[{"embeddable":true,"href":"https:\/\/stimanalytics.ai\/pt\/wp-json\/wp\/v2\/users\/1"}],"replies":[{"embeddable":true,"href":"https:\/\/stimanalytics.ai\/pt\/wp-json\/wp\/v2\/comments?post=1952"}],"version-history":[{"count":0,"href":"https:\/\/stimanalytics.ai\/pt\/wp-json\/wp\/v2\/pages\/1952\/revisions"}],"wp:attachment":[{"href":"https:\/\/stimanalytics.ai\/pt\/wp-json\/wp\/v2\/media?parent=1952"}],"curies":[{"name":"wp","href":"https:\/\/api.w.org\/{rel}","templated":true}]}}