{"id":6968,"date":"2024-11-23T13:19:52","date_gmt":"2024-11-23T13:19:52","guid":{"rendered":"https:\/\/stimanalytics.ai\/?post_type=product&#038;p=6968"},"modified":"2025-08-16T15:03:41","modified_gmt":"2025-08-16T15:03:41","slug":"polyvinyl-chloride-pvc-patent-landscape-report","status":"publish","type":"product","link":"https:\/\/stimanalytics.ai\/nl\/product\/polyvinyl-chloride-pvc-patent-landscape-report\/","title":{"rendered":"Rapport over het patentlandschap van polyvinylchloride (PVC)"},"content":{"rendered":"<p><strong><span style=\"font-size: 21px;\">Rapportbeschrijving en gegevensbron <\/span><\/strong><br \/>\n<span style=\"font-size: 21px;\">De <strong>PVC-technologierapport<\/strong> biedt een uitgebreide analyse van het patentlandschap, waarbij <strong>49.233 patenten<\/strong> ingediend van 2010 tot 2023 in belangrijke rechtsgebieden. Deze uitgebreide dataset is afkomstig van internationale octrooibureaus en bevat gedetailleerde inzichten in markttrends, verkoopgegevens en groeiprognoses. Door zowel kwantitatieve als kwalitatieve gegevens te integreren, legt het rapport een solide basis voor het begrijpen van technologische evolutie, concurrentiepositie en marktdynamiek binnen de PVC-sector. Deze veelzijdige aanpak ondersteunt strategische inzichten in huidige trends en potenti\u00eble gebieden voor innovatie in de PVC-industrie.<\/span><\/p>\n<p><span style=\"font-size: 21px;\">Het rapport is verdeeld in kernsecties, die elk essenti\u00eble inzichten bieden in verschillende facetten van PVC-technologie. Belangrijke secties zijn onder andere het landschapsoverzicht, marktanalyse, technologieanalyse en belangrijkste spelers. Elk deel biedt een uniek perspectief gericht op het ondersteunen van beslissingen in onderzoek, investering en strategie binnen de PVC-industrie.<\/span><\/p>\n<p><strong><span style=\"font-size: 21px;\">Landschapsoverzicht <\/span><\/strong><br \/>\n<span style=\"font-size: 21px;\">Het landschapsoverzicht illustreert trends in patentactiviteit in PVC-technologie van 2010 tot 2023. Het laat een aanzienlijke groei zien, met een achtvoudige toename van patentaanvragen in de afgelopen 13 jaar. Leidende rechtsgebieden zijn de VS en China, die samen goed zijn voor 74% aan patenten, terwijl Europa en Zuid-Korea ook opmerkelijke bijdragers zijn, met de nadruk op wereldwijde vooruitgang in PVC-toepassingen.<\/span><\/p>\n<p><strong><span style=\"font-size: 21px;\">Sectie Marktanalyse <\/span><\/strong><br \/>\n<span style=\"font-size: 21px;\">In dit gedeelte worden de commerci\u00eble aspecten van PVC onderzocht, waarbij wereldwijde verkoopgegevens, marktaandeel en grote producenten worden geanalyseerd. Het brengt patentactiviteit in lijn met marktgroei, waarbij toepassingen met een hoge vraag zoals bouw, automobielindustrie en verpakking worden benadrukt. De analyse onthult een sterk groeipotentieel in regio&#039;s met aanzienlijke R&amp;D, met name in Azi\u00eb-Pacific, Noord-Amerika en Europa.<\/span><\/p>\n<p><strong><span style=\"font-size: 21px;\">Sectie Technologieanalyse <\/span><\/strong><br \/>\n<span style=\"font-size: 21px;\">In de technologieanalyse richt het rapport zich op primaire technologische domeinen binnen PVC, zoals geavanceerde polymeercomposities en emulsiepolymerisatieprocessen. Belangrijke innovaties worden ge\u00efdentificeerd op gebieden zoals duurzame additieven, biobased PVC en recyclingtechnologie\u00ebn. In dit gedeelte worden technologie\u00ebn met een hoge impact aangewezen die PVC-innovatie en duurzaamheid stimuleren, waarbij intensieve patentactiviteit en toekomstige R&amp;D-mogelijkheden worden belicht.<\/span><\/p>\n<p><strong><span style=\"font-size: 21px;\">Topspeler sectie <\/span><\/strong><br \/>\n<span style=\"font-size: 21px;\">The top player section provides insights into leading companies in PVC technology, including LG Chemical Ltd, 3M Innovative Properties Co, BASF SE, Eastman Chemical Company, and Flooring Industries Limited S.A.R.L. Each company is assessed based on its patent portfolio, technological focus, and contributions to the PVC industry. For example, LG Chemical\u2019s developments in advanced polymerization and BASF\u2019s innovations in eco-friendly compounds are highlighted. The section also examines strategic partnerships that enhance technology growth and support leadership in PVC applications.<\/span><\/p>\n<p><span style=\"font-size: 21px;\">Over het geheel genomen biedt dit rapport een uitgebreid overzicht van de PVC-industrie, waarbij patenttrends, marktdynamiek en concurrerende inzichten worden ge\u00efntegreerd. Het rapport dient als een essenti\u00eble bron voor belanghebbenden in R&amp;D, beleid en investeringen, en biedt een strategische routekaart voor het benutten van vooruitgang in PVC-technologie.<\/span><\/p>\n<p>&nbsp;<\/p>\n<p><strong><span style=\"font-size: 21px;\">Wat u krijgt: <\/span><\/strong><br \/>\n<span style=\"font-size: 21px;\">&#8211; 120+ Pages PDF Full Report <\/span><br \/>\n<span style=\"font-size: 21px;\">&#8211; 40+ Pages PDF Slides <\/span><br \/>\n<span style=\"font-size: 21px;\">&#8211; Excel File of Each Figure with Extended Data<\/span><\/p>\n<p>&nbsp;<\/p>\n<p><strong><span style=\"font-size: 21px;\">Mensen die mogelijk ge\u00efnteresseerd zijn in het rapport: <\/span><\/strong><br \/>\n<span style=\"font-size: 21px;\">&#8211; Chief Marketing Officers <\/span><br \/>\n<span style=\"font-size: 21px;\">&#8211; Business Development Professionals <\/span><br \/>\n<span style=\"font-size: 21px;\">&#8211; Corporate Strategy Executives <\/span><br \/>\n<span style=\"font-size: 21px;\">&#8211; R&amp;D and Innovation Officers <\/span><br \/>\n<span style=\"font-size: 21px;\">&#8211; Investment Analysts <\/span><br \/>\n<span style=\"font-size: 21px;\">&#8211; Product Managers <\/span><br \/>\n<span style=\"font-size: 21px;\">&#8211; Marketing Directors <\/span><br \/>\n<span style=\"font-size: 21px;\">&#8211; Sales Directors <\/span><br \/>\n<span style=\"font-size: 21px;\">&#8211; Vice President &#8211; Sales <\/span><br \/>\n<span style=\"font-size: 21px;\">&#8211; Vice President &#8211; Marketing <\/span><br \/>\n<span style=\"font-size: 21px;\">&#8211; Heads of Marketing <\/span><br \/>\n<span style=\"font-size: 21px;\">&#8211; Analysts <\/span><br \/>\n<span style=\"font-size: 21px;\">&#8211; Corporate Planning Professionals <\/span><br \/>\n<span style=\"font-size: 21px;\">&#8211; Product Marketing Managers <\/span><br \/>\n<span style=\"font-size: 21px;\">&#8211; Market Intelligence Experts <\/span><br \/>\n<span style=\"font-size: 21px;\">&#8211; Heads of Innovation <\/span><br \/>\n<span style=\"font-size: 21px;\">&#8211; Strategy Heads <\/span><br \/>\n<span style=\"font-size: 21px;\">&#8211; Chief Operating Officers <\/span><br \/>\n<span style=\"font-size: 21px;\">&#8211; Business Analysts <\/span><br \/>\n<span style=\"font-size: 21px;\">&#8211; Sales Consultants <\/span><br \/>\n<span style=\"font-size: 21px;\">&#8211; Academics<\/span><\/p>","protected":false},"excerpt":{"rendered":"<p>Report Description and Data Source The PVC Technology report provides a comprehensive patent landscape analysis, examining 49,233 patents filed from 2010 to 2023 across key jurisdictions. This extensive dataset is sourced from international patent offices and includes detailed insights on market trends, sales data, and growth forecasts. By integrating both quantitative and qualitative data, the [&hellip;]<\/p>","protected":false},"featured_media":7325,"comment_status":"open","ping_status":"closed","template":"","meta":{"inline_featured_image":false},"product_brand":[],"product_cat":[89],"product_tag":[],"class_list":{"0":"post-6968","1":"product","2":"type-product","3":"status-publish","4":"has-post-thumbnail","6":"product_cat-oil-gas-and-petrochemichal","8":"first","9":"instock","10":"downloadable","11":"virtual","12":"sold-individually","13":"purchasable","14":"product-type-simple"},"_links":{"self":[{"href":"https:\/\/stimanalytics.ai\/nl\/wp-json\/wp\/v2\/product\/6968","targetHints":{"allow":["GET"]}}],"collection":[{"href":"https:\/\/stimanalytics.ai\/nl\/wp-json\/wp\/v2\/product"}],"about":[{"href":"https:\/\/stimanalytics.ai\/nl\/wp-json\/wp\/v2\/types\/product"}],"replies":[{"embeddable":true,"href":"https:\/\/stimanalytics.ai\/nl\/wp-json\/wp\/v2\/comments?post=6968"}],"wp:featuredmedia":[{"embeddable":true,"href":"https:\/\/stimanalytics.ai\/nl\/wp-json\/wp\/v2\/media\/7325"}],"wp:attachment":[{"href":"https:\/\/stimanalytics.ai\/nl\/wp-json\/wp\/v2\/media?parent=6968"}],"wp:term":[{"taxonomy":"product_brand","embeddable":true,"href":"https:\/\/stimanalytics.ai\/nl\/wp-json\/wp\/v2\/product_brand?post=6968"},{"taxonomy":"product_cat","embeddable":true,"href":"https:\/\/stimanalytics.ai\/nl\/wp-json\/wp\/v2\/product_cat?post=6968"},{"taxonomy":"product_tag","embeddable":true,"href":"https:\/\/stimanalytics.ai\/nl\/wp-json\/wp\/v2\/product_tag?post=6968"}],"curies":[{"name":"wp","href":"https:\/\/api.w.org\/{rel}","templated":true}]}}