{"id":6972,"date":"2024-11-23T13:25:26","date_gmt":"2024-11-23T13:25:26","guid":{"rendered":"https:\/\/stimanalytics.ai\/?post_type=product&#038;p=6972"},"modified":"2025-08-16T10:36:34","modified_gmt":"2025-08-16T10:36:34","slug":"connected-car-patent-landscape-report","status":"publish","type":"product","link":"https:\/\/stimanalytics.ai\/it\/prodotto\/connected-car-patent-landscape-report\/","title":{"rendered":"Report sul panorama dei brevetti delle auto connesse"},"content":{"rendered":"<p><strong><span style=\"font-size: 21px;\">Descrizione del report e fonte dei dati <\/span><\/strong><br \/>\n<span style=\"font-size: 21px;\">IL <strong>Report sulle auto connesse<\/strong> fornisce un&#039;analisi approfondita del panorama dei brevetti, che copre <strong>48.472 brevetti<\/strong> depositati dal 2010 al 2024 in giurisdizioni chiave a livello globale. Questo ampio set di dati deriva da depositi di brevetti internazionali e incorpora dati di vendita di mercato, tendenze e proiezioni di crescita. Questo approccio combinato consente un esame dettagliato dell&#039;evoluzione tecnologica nel settore delle auto connesse. Analizzando sia i dati quantitativi che quelli qualitativi, il rapporto fornisce preziose informazioni sull&#039;attivit\u00e0 di brevetti, sulle innovazioni tecnologiche e sul panorama del mercato. \u00c8 progettato per valutare l&#039;attuale posizionamento competitivo nel settore delle auto connesse e prevedere future opportunit\u00e0 di crescita.<\/span><\/p>\n<p><span style=\"font-size: 21px;\">Il report \u00e8 organizzato in sezioni critiche, ciascuna delle quali offre approfondimenti unici sull&#039;ecosistema delle auto connesse. Queste sezioni includono Landscape Overview, Market Analysis, Technology Analysis e Key Players. Ogni sezione \u00e8 progettata per aiutare le parti interessate a prendere decisioni strategiche informate in merito a ricerca, investimenti e posizionamento competitivo nel settore delle auto connesse in rapida evoluzione.<\/span><\/p>\n<p><strong><span style=\"font-size: 21px;\">Panoramica del paesaggio <\/span><\/strong><br \/>\n<span style=\"font-size: 21px;\">La panoramica del panorama offre uno sguardo completo all&#039;attivit\u00e0 brevettuale nel settore delle auto connesse, tracciando le tendenze dal 2010 al 2024. L&#039;analisi evidenzia il significativo aumento delle domande di brevetto, che riflette il crescente investimento e innovazione nelle tecnologie dei veicoli connessi e autonomi. Gli Stati Uniti, la Cina e l&#039;Europa sono identificati come le regioni leader nelle registrazioni di brevetti, sottolineando i loro ruoli dominanti nel progresso delle tecnologie delle auto connesse.<\/span><\/p>\n<p><strong><span style=\"font-size: 21px;\">Sezione Analisi di Mercato <\/span><\/strong><br \/>\n<span style=\"font-size: 21px;\">La sezione di analisi di mercato esamina gli aspetti commerciali del settore delle auto connesse, inclusi i dati sulle vendite di mercato, i tassi di crescita previsti e i principali attori del settore. Allineando i depositi di brevetti con le tendenze di mercato, questa sezione identifica le aree chiave in cui la domanda di tecnologie per auto connesse \u00e8 pi\u00f9 forte, in particolare nelle regioni con solide attivit\u00e0 di R&amp;S. Vengono fornite informazioni su come l&#039;innovazione in aree quali la guida autonoma, la comunicazione veicolo-tutto (V2X) e i sistemi di infotainment dovrebbe modellare la crescita del mercato.<\/span><\/p>\n<p><strong><span style=\"font-size: 21px;\">Sezione di analisi tecnologica <\/span><\/strong><br \/>\n<span style=\"font-size: 21px;\">Questa sezione approfondisce i principali domini tecnologici all&#039;interno del settore delle auto connesse, come la guida autonoma, la comunicazione V2X e l&#039;integrazione 5G. Il rapporto evidenzia i principali progressi tecnologici, tra cui innovazioni nell&#039;intelligenza artificiale per la navigazione autonoma, sistemi di infotainment di nuova generazione e soluzioni di connettivit\u00e0 avanzate. Questi sviluppi sono fondamentali per la trasformazione dei veicoli moderni in piattaforme connesse, migliorando sicurezza, efficienza ed esperienza utente.<\/span><\/p>\n<p><strong><span style=\"font-size: 21px;\">Sezione Top Player<\/span><\/strong><br \/>\n<span style=\"font-size: 21px;\">The top player section provides detailed insights into major companies leading the connected car industry. Key players include Samsung Electronics, LG Electronics, Waymo LLC, Ford, and General Motors (GM) Global Technology Operations LLC. Each company is examined based on its patent holdings, technological innovations, and contributions to the connected car ecosystem. For example, Waymo&#8217;s advancements in autonomous driving and Samsung\u2019s innovations in in-car infotainment systems are featured. The section also explores strategic partnerships and collaborations that are accelerating innovation and market leadership in connected and autonomous vehicles.<\/span><\/p>\n<p><span style=\"font-size: 21px;\">Nel complesso, questo rapporto presenta una visione completa del panorama della tecnologia delle auto connesse, dai brevetti e dalle tendenze di mercato alle innovazioni tecnologiche e alle dinamiche competitive. Funge da risorsa cruciale per gli stakeholder coinvolti in R&amp;S, investimenti e definizione delle politiche, offrendo spunti che supporteranno le decisioni volte a capitalizzare il settore delle auto connesse in rapida crescita.<\/span><\/p>\n<p>&nbsp;<\/p>\n<p><strong><span style=\"font-size: 21px;\">Cosa otterrai:<\/span><\/strong><br \/>\n<span style=\"font-size: 21px;\">&#8211; 120+ Pages PDF Full Report<\/span><br \/>\n<span style=\"font-size: 21px;\">&#8211; 40+ Pages PDF Slides<\/span><br \/>\n<span style=\"font-size: 21px;\">&#8211; Excel File of Each Figure with Extended Data<\/span><\/p>\n<p>&nbsp;<\/p>\n<p><strong><span style=\"font-size: 21px;\">Persone che potrebbero essere interessate al rapporto: <\/span><\/strong><br \/>\n<span style=\"font-size: 21px;\">&#8211; Chief Marketing Officers <\/span><br \/>\n<span style=\"font-size: 21px;\">&#8211; Business Development Professionals <\/span><br \/>\n<span style=\"font-size: 21px;\">&#8211; Corporate Strategy Executives <\/span><br \/>\n<span style=\"font-size: 21px;\">&#8211; R&amp;D and Innovation Officers <\/span><br \/>\n<span style=\"font-size: 21px;\">&#8211; Investment Analysts <\/span><br \/>\n<span style=\"font-size: 21px;\">&#8211; Product Managers <\/span><br \/>\n<span style=\"font-size: 21px;\">&#8211; Marketing Directors <\/span><br \/>\n<span style=\"font-size: 21px;\">&#8211; Sales Directors <\/span><br \/>\n<span style=\"font-size: 21px;\">&#8211; Vice President &#8211; Sales <\/span><br \/>\n<span style=\"font-size: 21px;\">&#8211; Vice President &#8211; Marketing <\/span><br \/>\n<span style=\"font-size: 21px;\">&#8211; Heads of Marketing <\/span><br \/>\n<span style=\"font-size: 21px;\">&#8211; Analysts <\/span><br \/>\n<span style=\"font-size: 21px;\">&#8211; Corporate Planning Professionals <\/span><br \/>\n<span style=\"font-size: 21px;\">&#8211; Product Marketing Managers <\/span><br \/>\n<span style=\"font-size: 21px;\">&#8211; Market Intelligence Experts <\/span><br \/>\n<span style=\"font-size: 21px;\">&#8211; Heads of Innovation <\/span><br \/>\n<span style=\"font-size: 21px;\">&#8211; Strategy Heads <\/span><br \/>\n<span style=\"font-size: 21px;\">&#8211; Chief Operating Officers <\/span><br \/>\n<span style=\"font-size: 21px;\">&#8211; Business Analysts <\/span><br \/>\n<span style=\"font-size: 21px;\">&#8211; Sales Consultants <\/span><br \/>\n<span style=\"font-size: 21px;\">&#8211; Academics<\/span><\/p>","protected":false},"excerpt":{"rendered":"<p>Report Description and Data Source The Connected Car report provides a thorough patent landscape analysis, covering 48,472 patents filed from 2010 to 2024 across key jurisdictions globally. This extensive dataset is derived from international patent filings and incorporates market sales data, trends, and growth projections. This combined approach allows for a detailed examination of the [&hellip;]<\/p>","protected":false},"featured_media":7348,"comment_status":"open","ping_status":"closed","template":"","meta":{"inline_featured_image":false},"product_brand":[],"product_cat":[80],"product_tag":[],"class_list":{"0":"post-6972","1":"product","2":"type-product","3":"status-publish","4":"has-post-thumbnail","6":"product_cat-ict-software","8":"first","9":"instock","10":"downloadable","11":"virtual","12":"sold-individually","13":"purchasable","14":"product-type-simple"},"_links":{"self":[{"href":"https:\/\/stimanalytics.ai\/it\/wp-json\/wp\/v2\/product\/6972","targetHints":{"allow":["GET"]}}],"collection":[{"href":"https:\/\/stimanalytics.ai\/it\/wp-json\/wp\/v2\/product"}],"about":[{"href":"https:\/\/stimanalytics.ai\/it\/wp-json\/wp\/v2\/types\/product"}],"replies":[{"embeddable":true,"href":"https:\/\/stimanalytics.ai\/it\/wp-json\/wp\/v2\/comments?post=6972"}],"wp:featuredmedia":[{"embeddable":true,"href":"https:\/\/stimanalytics.ai\/it\/wp-json\/wp\/v2\/media\/7348"}],"wp:attachment":[{"href":"https:\/\/stimanalytics.ai\/it\/wp-json\/wp\/v2\/media?parent=6972"}],"wp:term":[{"taxonomy":"product_brand","embeddable":true,"href":"https:\/\/stimanalytics.ai\/it\/wp-json\/wp\/v2\/product_brand?post=6972"},{"taxonomy":"product_cat","embeddable":true,"href":"https:\/\/stimanalytics.ai\/it\/wp-json\/wp\/v2\/product_cat?post=6972"},{"taxonomy":"product_tag","embeddable":true,"href":"https:\/\/stimanalytics.ai\/it\/wp-json\/wp\/v2\/product_tag?post=6972"}],"curies":[{"name":"wp","href":"https:\/\/api.w.org\/{rel}","templated":true}]}}