{"id":6968,"date":"2024-11-23T13:19:52","date_gmt":"2024-11-23T13:19:52","guid":{"rendered":"https:\/\/stimanalytics.ai\/?post_type=product&#038;p=6968"},"modified":"2025-08-16T15:03:41","modified_gmt":"2025-08-16T15:03:41","slug":"polyvinyl-chloride-pvc-patent-landscape-report","status":"publish","type":"product","link":"https:\/\/stimanalytics.ai\/it\/prodotto\/polyvinyl-chloride-pvc-patent-landscape-report\/","title":{"rendered":"Rapporto sul panorama dei brevetti del cloruro di polivinile (PVC)"},"content":{"rendered":"<p><strong><span style=\"font-size: 21px;\">Descrizione del report e fonte dei dati <\/span><\/strong><br \/>\n<span style=\"font-size: 21px;\">IL <strong>Rapporto sulla tecnologia del PVC<\/strong> fornisce un&#039;analisi completa del panorama dei brevetti, esaminando <strong>49.233 brevetti<\/strong> depositati dal 2010 al 2023 in giurisdizioni chiave. Questo ampio set di dati proviene da uffici brevetti internazionali e include approfondimenti dettagliati su tendenze di mercato, dati di vendita e previsioni di crescita. Integrando dati quantitativi e qualitativi, il rapporto stabilisce una solida base per comprendere l&#039;evoluzione tecnologica, il posizionamento competitivo e le dinamiche di mercato nel settore del PVC. Questo approccio poliedrico supporta approfondimenti strategici sulle tendenze attuali e sulle potenziali aree di innovazione nel settore del PVC.<\/span><\/p>\n<p><span style=\"font-size: 21px;\">Il rapporto \u00e8 suddiviso in sezioni principali, ciascuna delle quali fornisce approfondimenti essenziali su diverse sfaccettature della tecnologia del PVC. Le sezioni chiave includono Landscape Overview, Market Analysis, Technology Analysis e Key Players. Ogni parte fornisce una prospettiva unica volta a supportare le decisioni in materia di ricerca, investimento e strategia all&#039;interno del settore del PVC.<\/span><\/p>\n<p><strong><span style=\"font-size: 21px;\">Panoramica del paesaggio <\/span><\/strong><br \/>\n<span style=\"font-size: 21px;\">La panoramica del panorama illustra le tendenze dell&#039;attivit\u00e0 brevettuale nella tecnologia del PVC dal 2010 al 2023. Rivela una crescita significativa, con i depositi di brevetti aumentati di otto volte negli ultimi 13 anni. Le principali giurisdizioni includono gli Stati Uniti e la Cina, che insieme rappresentano 74% di brevetti, mentre anche l&#039;Europa e la Corea del Sud sono degni di nota, sottolineando i progressi globali nelle applicazioni del PVC.<\/span><\/p>\n<p><strong><span style=\"font-size: 21px;\">Sezione Analisi di Mercato <\/span><\/strong><br \/>\n<span style=\"font-size: 21px;\">Questa sezione esplora gli aspetti commerciali del PVC, analizzando i dati di vendita globali, la quota di mercato e i principali produttori. Allinea l&#039;attivit\u00e0 di brevetti con la crescita del mercato, evidenziando applicazioni ad alta domanda come edilizia, automotive e imballaggio. L&#039;analisi scopre un forte potenziale di crescita in regioni con R&amp;S sostanziale, in particolare in Asia-Pacifico, Nord America ed Europa.<\/span><\/p>\n<p><strong><span style=\"font-size: 21px;\">Sezione di analisi tecnologica <\/span><\/strong><br \/>\n<span style=\"font-size: 21px;\">Nell&#039;analisi tecnologica, il rapporto si concentra sui principali domini tecnologici all&#039;interno del PVC, come composizioni polimeriche avanzate e processi di polimerizzazione in emulsione. Le innovazioni chiave sono identificate in aree come additivi sostenibili, PVC di origine biologica e tecnologie di riciclaggio. Questa sezione individua tecnologie ad alto impatto che guidano l&#039;innovazione e la sostenibilit\u00e0 del PVC, evidenziando un&#039;intensa attivit\u00e0 di brevetti e future opportunit\u00e0 di R&amp;S.<\/span><\/p>\n<p><strong><span style=\"font-size: 21px;\">Sezione Top Player <\/span><\/strong><br \/>\n<span style=\"font-size: 21px;\">The top player section provides insights into leading companies in PVC technology, including LG Chemical Ltd, 3M Innovative Properties Co, BASF SE, Eastman Chemical Company, and Flooring Industries Limited S.A.R.L. Each company is assessed based on its patent portfolio, technological focus, and contributions to the PVC industry. For example, LG Chemical\u2019s developments in advanced polymerization and BASF\u2019s innovations in eco-friendly compounds are highlighted. The section also examines strategic partnerships that enhance technology growth and support leadership in PVC applications.<\/span><\/p>\n<p><span style=\"font-size: 21px;\">Nel complesso, questo rapporto offre una visione completa del settore del PVC, integrando tendenze dei brevetti, dinamiche di mercato e approfondimenti competitivi. Il rapporto funge da risorsa essenziale per gli stakeholder in R&amp;S, politica e investimenti, fornendo una roadmap strategica per sfruttare i progressi nella tecnologia del PVC.<\/span><\/p>\n<p>&nbsp;<\/p>\n<p><strong><span style=\"font-size: 21px;\">Cosa otterrai: <\/span><\/strong><br \/>\n<span style=\"font-size: 21px;\">&#8211; 120+ Pages PDF Full Report <\/span><br \/>\n<span style=\"font-size: 21px;\">&#8211; 40+ Pages PDF Slides <\/span><br \/>\n<span style=\"font-size: 21px;\">&#8211; Excel File of Each Figure with Extended Data<\/span><\/p>\n<p>&nbsp;<\/p>\n<p><strong><span style=\"font-size: 21px;\">Persone che potrebbero essere interessate al rapporto: <\/span><\/strong><br \/>\n<span style=\"font-size: 21px;\">&#8211; Chief Marketing Officers <\/span><br \/>\n<span style=\"font-size: 21px;\">&#8211; Business Development Professionals <\/span><br \/>\n<span style=\"font-size: 21px;\">&#8211; Corporate Strategy Executives <\/span><br \/>\n<span style=\"font-size: 21px;\">&#8211; R&amp;D and Innovation Officers <\/span><br \/>\n<span style=\"font-size: 21px;\">&#8211; Investment Analysts <\/span><br \/>\n<span style=\"font-size: 21px;\">&#8211; Product Managers <\/span><br \/>\n<span style=\"font-size: 21px;\">&#8211; Marketing Directors <\/span><br \/>\n<span style=\"font-size: 21px;\">&#8211; Sales Directors <\/span><br \/>\n<span style=\"font-size: 21px;\">&#8211; Vice President &#8211; Sales <\/span><br \/>\n<span style=\"font-size: 21px;\">&#8211; Vice President &#8211; Marketing <\/span><br \/>\n<span style=\"font-size: 21px;\">&#8211; Heads of Marketing <\/span><br \/>\n<span style=\"font-size: 21px;\">&#8211; Analysts <\/span><br \/>\n<span style=\"font-size: 21px;\">&#8211; Corporate Planning Professionals <\/span><br \/>\n<span style=\"font-size: 21px;\">&#8211; Product Marketing Managers <\/span><br \/>\n<span style=\"font-size: 21px;\">&#8211; Market Intelligence Experts <\/span><br \/>\n<span style=\"font-size: 21px;\">&#8211; Heads of Innovation <\/span><br \/>\n<span style=\"font-size: 21px;\">&#8211; Strategy Heads <\/span><br \/>\n<span style=\"font-size: 21px;\">&#8211; Chief Operating Officers <\/span><br \/>\n<span style=\"font-size: 21px;\">&#8211; Business Analysts <\/span><br \/>\n<span style=\"font-size: 21px;\">&#8211; Sales Consultants <\/span><br \/>\n<span style=\"font-size: 21px;\">&#8211; Academics<\/span><\/p>","protected":false},"excerpt":{"rendered":"<p>Report Description and Data Source The PVC Technology report provides a comprehensive patent landscape analysis, examining 49,233 patents filed from 2010 to 2023 across key jurisdictions. This extensive dataset is sourced from international patent offices and includes detailed insights on market trends, sales data, and growth forecasts. By integrating both quantitative and qualitative data, the [&hellip;]<\/p>","protected":false},"featured_media":7325,"comment_status":"open","ping_status":"closed","template":"","meta":{"inline_featured_image":false},"product_brand":[],"product_cat":[89],"product_tag":[],"class_list":{"0":"post-6968","1":"product","2":"type-product","3":"status-publish","4":"has-post-thumbnail","6":"product_cat-oil-gas-and-petrochemichal","8":"first","9":"instock","10":"downloadable","11":"virtual","12":"sold-individually","13":"purchasable","14":"product-type-simple"},"_links":{"self":[{"href":"https:\/\/stimanalytics.ai\/it\/wp-json\/wp\/v2\/product\/6968","targetHints":{"allow":["GET"]}}],"collection":[{"href":"https:\/\/stimanalytics.ai\/it\/wp-json\/wp\/v2\/product"}],"about":[{"href":"https:\/\/stimanalytics.ai\/it\/wp-json\/wp\/v2\/types\/product"}],"replies":[{"embeddable":true,"href":"https:\/\/stimanalytics.ai\/it\/wp-json\/wp\/v2\/comments?post=6968"}],"wp:featuredmedia":[{"embeddable":true,"href":"https:\/\/stimanalytics.ai\/it\/wp-json\/wp\/v2\/media\/7325"}],"wp:attachment":[{"href":"https:\/\/stimanalytics.ai\/it\/wp-json\/wp\/v2\/media?parent=6968"}],"wp:term":[{"taxonomy":"product_brand","embeddable":true,"href":"https:\/\/stimanalytics.ai\/it\/wp-json\/wp\/v2\/product_brand?post=6968"},{"taxonomy":"product_cat","embeddable":true,"href":"https:\/\/stimanalytics.ai\/it\/wp-json\/wp\/v2\/product_cat?post=6968"},{"taxonomy":"product_tag","embeddable":true,"href":"https:\/\/stimanalytics.ai\/it\/wp-json\/wp\/v2\/product_tag?post=6968"}],"curies":[{"name":"wp","href":"https:\/\/api.w.org\/{rel}","templated":true}]}}