{"id":6972,"date":"2024-11-23T13:25:26","date_gmt":"2024-11-23T13:25:26","guid":{"rendered":"https:\/\/stimanalytics.ai\/?post_type=product&#038;p=6972"},"modified":"2025-08-16T10:36:34","modified_gmt":"2025-08-16T10:36:34","slug":"connected-car-patent-landscape-report","status":"publish","type":"product","link":"https:\/\/stimanalytics.ai\/es\/producto\/connected-car-patent-landscape-report\/","title":{"rendered":"Informe sobre el panorama de patentes de coches conectados"},"content":{"rendered":"<p><strong><span style=\"font-size: 21px;\">Descripci\u00f3n del informe y fuente de datos <\/span><\/strong><br \/>\n<span style=\"font-size: 21px;\">El <strong>Informe sobre el coche conectado<\/strong> Proporciona un an\u00e1lisis exhaustivo del panorama de patentes, que abarca <strong>48.472 patentes<\/strong> Presentadas entre 2010 y 2024 en jurisdicciones clave a nivel mundial. Este amplio conjunto de datos se deriva de solicitudes de patente internacionales e incorpora datos de ventas de mercado, tendencias y proyecciones de crecimiento. Este enfoque combinado permite un examen detallado de la evoluci\u00f3n tecnol\u00f3gica en la industria del autom\u00f3vil conectado. Al analizar datos tanto cuantitativos como cualitativos, el informe proporciona informaci\u00f3n valiosa sobre la actividad de patentes, las innovaciones tecnol\u00f3gicas y el panorama del mercado. Est\u00e1 dise\u00f1ado para evaluar el posicionamiento competitivo actual dentro del sector del autom\u00f3vil conectado y pronosticar oportunidades de crecimiento futuras.<\/span><\/p>\n<p><span style=\"font-size: 21px;\">El informe est\u00e1 organizado en secciones cr\u00edticas, cada una de las cuales ofrece informaci\u00f3n \u00fanica sobre el ecosistema de los autom\u00f3viles conectados. Estas secciones incluyen una descripci\u00f3n general del panorama, un an\u00e1lisis del mercado, un an\u00e1lisis de la tecnolog\u00eda y los actores clave. Cada secci\u00f3n est\u00e1 dise\u00f1ada para ayudar a las partes interesadas a tomar decisiones estrat\u00e9gicas informadas con respecto a la investigaci\u00f3n, la inversi\u00f3n y el posicionamiento competitivo en la industria de los autom\u00f3viles conectados, que evoluciona r\u00e1pidamente.<\/span><\/p>\n<p><strong><span style=\"font-size: 21px;\">Panorama del paisaje <\/span><\/strong><br \/>\n<span style=\"font-size: 21px;\">El panorama general ofrece una visi\u00f3n integral de la actividad de patentes en el sector de los autom\u00f3viles conectados, y traza las tendencias desde 2010 hasta 2024. El an\u00e1lisis destaca el aumento significativo de las solicitudes de patentes, lo que refleja la creciente inversi\u00f3n e innovaci\u00f3n en tecnolog\u00edas de veh\u00edculos conectados y aut\u00f3nomos. Estados Unidos, China y Europa se identifican como las regiones l\u00edderes en registros de patentes, lo que subraya su papel dominante en el avance de las tecnolog\u00edas de los autom\u00f3viles conectados.<\/span><\/p>\n<p><strong><span style=\"font-size: 21px;\">Secci\u00f3n de An\u00e1lisis de Mercado <\/span><\/strong><br \/>\n<span style=\"font-size: 21px;\">La secci\u00f3n de an\u00e1lisis de mercado examina los aspectos comerciales del sector de los coches conectados, incluidos los datos de ventas del mercado, las tasas de crecimiento proyectadas y los principales actores de la industria. Al alinear las solicitudes de patentes con las tendencias del mercado, esta secci\u00f3n identifica las \u00e1reas clave donde la demanda de tecnolog\u00edas de coches conectados es m\u00e1s fuerte, en particular en regiones con s\u00f3lidas actividades de I+D. Se proporcionan conocimientos sobre c\u00f3mo se espera que la innovaci\u00f3n en \u00e1reas como la conducci\u00f3n aut\u00f3noma, la comunicaci\u00f3n entre veh\u00edculos y todo (V2X) y los sistemas de infoentretenimiento definan el crecimiento del mercado.<\/span><\/p>\n<p><strong><span style=\"font-size: 21px;\">Secci\u00f3n de An\u00e1lisis de Tecnolog\u00eda <\/span><\/strong><br \/>\n<span style=\"font-size: 21px;\">En esta secci\u00f3n se analizan los principales dominios tecnol\u00f3gicos de la industria de los veh\u00edculos conectados, como la conducci\u00f3n aut\u00f3noma, la comunicaci\u00f3n V2X y la integraci\u00f3n 5G. El informe destaca los avances tecnol\u00f3gicos clave, incluidas las innovaciones en inteligencia artificial para la navegaci\u00f3n aut\u00f3noma, los sistemas de informaci\u00f3n y entretenimiento de \u00faltima generaci\u00f3n y las soluciones de conectividad avanzadas. Estos avances son fundamentales para la transformaci\u00f3n de los veh\u00edculos modernos en plataformas conectadas, mejorando la seguridad, la eficiencia y la experiencia del usuario.<\/span><\/p>\n<p><strong><span style=\"font-size: 21px;\">Secci\u00f3n de los mejores jugadores<\/span><\/strong><br \/>\n<span style=\"font-size: 21px;\">The top player section provides detailed insights into major companies leading the connected car industry. Key players include Samsung Electronics, LG Electronics, Waymo LLC, Ford, and General Motors (GM) Global Technology Operations LLC. Each company is examined based on its patent holdings, technological innovations, and contributions to the connected car ecosystem. For example, Waymo&#8217;s advancements in autonomous driving and Samsung\u2019s innovations in in-car infotainment systems are featured. The section also explores strategic partnerships and collaborations that are accelerating innovation and market leadership in connected and autonomous vehicles.<\/span><\/p>\n<p><span style=\"font-size: 21px;\">En general, este informe presenta una visi\u00f3n integral del panorama de la tecnolog\u00eda de los autom\u00f3viles conectados, desde las patentes y las tendencias del mercado hasta las innovaciones tecnol\u00f3gicas y la din\u00e1mica competitiva. Sirve como un recurso crucial para las partes interesadas que participan en la I+D, la inversi\u00f3n y la formulaci\u00f3n de pol\u00edticas, ofreciendo informaci\u00f3n que respaldar\u00e1 las decisiones destinadas a aprovechar el r\u00e1pido crecimiento del sector de los autom\u00f3viles conectados.<\/span><\/p>\n<p>&nbsp;<\/p>\n<p><strong><span style=\"font-size: 21px;\">Lo que obtendr\u00e1s:<\/span><\/strong><br \/>\n<span style=\"font-size: 21px;\">&#8211; 120+ Pages PDF Full Report<\/span><br \/>\n<span style=\"font-size: 21px;\">&#8211; 40+ Pages PDF Slides<\/span><br \/>\n<span style=\"font-size: 21px;\">&#8211; Excel File of Each Figure with Extended Data<\/span><\/p>\n<p>&nbsp;<\/p>\n<p><strong><span style=\"font-size: 21px;\">Personas a quienes podr\u00eda interesar el informe: <\/span><\/strong><br \/>\n<span style=\"font-size: 21px;\">&#8211; Chief Marketing Officers <\/span><br \/>\n<span style=\"font-size: 21px;\">&#8211; Business Development Professionals <\/span><br \/>\n<span style=\"font-size: 21px;\">&#8211; Corporate Strategy Executives <\/span><br \/>\n<span style=\"font-size: 21px;\">&#8211; R&amp;D and Innovation Officers <\/span><br \/>\n<span style=\"font-size: 21px;\">&#8211; Investment Analysts <\/span><br \/>\n<span style=\"font-size: 21px;\">&#8211; Product Managers <\/span><br \/>\n<span style=\"font-size: 21px;\">&#8211; Marketing Directors <\/span><br \/>\n<span style=\"font-size: 21px;\">&#8211; Sales Directors <\/span><br \/>\n<span style=\"font-size: 21px;\">&#8211; Vice President &#8211; Sales <\/span><br \/>\n<span style=\"font-size: 21px;\">&#8211; Vice President &#8211; Marketing <\/span><br \/>\n<span style=\"font-size: 21px;\">&#8211; Heads of Marketing <\/span><br \/>\n<span style=\"font-size: 21px;\">&#8211; Analysts <\/span><br \/>\n<span style=\"font-size: 21px;\">&#8211; Corporate Planning Professionals <\/span><br \/>\n<span style=\"font-size: 21px;\">&#8211; Product Marketing Managers <\/span><br \/>\n<span style=\"font-size: 21px;\">&#8211; Market Intelligence Experts <\/span><br \/>\n<span style=\"font-size: 21px;\">&#8211; Heads of Innovation <\/span><br \/>\n<span style=\"font-size: 21px;\">&#8211; Strategy Heads <\/span><br \/>\n<span style=\"font-size: 21px;\">&#8211; Chief Operating Officers <\/span><br \/>\n<span style=\"font-size: 21px;\">&#8211; Business Analysts <\/span><br \/>\n<span style=\"font-size: 21px;\">&#8211; Sales Consultants <\/span><br \/>\n<span style=\"font-size: 21px;\">&#8211; Academics<\/span><\/p>","protected":false},"excerpt":{"rendered":"<p>Report Description and Data Source The Connected Car report provides a thorough patent landscape analysis, covering 48,472 patents filed from 2010 to 2024 across key jurisdictions globally. This extensive dataset is derived from international patent filings and incorporates market sales data, trends, and growth projections. This combined approach allows for a detailed examination of the [&hellip;]<\/p>","protected":false},"featured_media":7348,"comment_status":"open","ping_status":"closed","template":"","meta":{"inline_featured_image":false},"product_brand":[],"product_cat":[80],"product_tag":[],"class_list":{"0":"post-6972","1":"product","2":"type-product","3":"status-publish","4":"has-post-thumbnail","6":"product_cat-ict-software","8":"first","9":"instock","10":"downloadable","11":"virtual","12":"sold-individually","13":"purchasable","14":"product-type-simple"},"_links":{"self":[{"href":"https:\/\/stimanalytics.ai\/es\/wp-json\/wp\/v2\/product\/6972","targetHints":{"allow":["GET"]}}],"collection":[{"href":"https:\/\/stimanalytics.ai\/es\/wp-json\/wp\/v2\/product"}],"about":[{"href":"https:\/\/stimanalytics.ai\/es\/wp-json\/wp\/v2\/types\/product"}],"replies":[{"embeddable":true,"href":"https:\/\/stimanalytics.ai\/es\/wp-json\/wp\/v2\/comments?post=6972"}],"wp:featuredmedia":[{"embeddable":true,"href":"https:\/\/stimanalytics.ai\/es\/wp-json\/wp\/v2\/media\/7348"}],"wp:attachment":[{"href":"https:\/\/stimanalytics.ai\/es\/wp-json\/wp\/v2\/media?parent=6972"}],"wp:term":[{"taxonomy":"product_brand","embeddable":true,"href":"https:\/\/stimanalytics.ai\/es\/wp-json\/wp\/v2\/product_brand?post=6972"},{"taxonomy":"product_cat","embeddable":true,"href":"https:\/\/stimanalytics.ai\/es\/wp-json\/wp\/v2\/product_cat?post=6972"},{"taxonomy":"product_tag","embeddable":true,"href":"https:\/\/stimanalytics.ai\/es\/wp-json\/wp\/v2\/product_tag?post=6972"}],"curies":[{"name":"wp","href":"https:\/\/api.w.org\/{rel}","templated":true}]}}