{"id":6968,"date":"2024-11-23T13:19:52","date_gmt":"2024-11-23T13:19:52","guid":{"rendered":"https:\/\/stimanalytics.ai\/?post_type=product&#038;p=6968"},"modified":"2025-08-16T15:03:41","modified_gmt":"2025-08-16T15:03:41","slug":"polyvinyl-chloride-pvc-patent-landscape-report","status":"publish","type":"product","link":"https:\/\/stimanalytics.ai\/es\/producto\/polyvinyl-chloride-pvc-patent-landscape-report\/","title":{"rendered":"Informe sobre el panorama de patentes de cloruro de polivinilo (PVC)"},"content":{"rendered":"<p><strong><span style=\"font-size: 21px;\">Descripci\u00f3n del informe y fuente de datos <\/span><\/strong><br \/>\n<span style=\"font-size: 21px;\">El <strong>Informe sobre la tecnolog\u00eda del PVC<\/strong> Proporciona un an\u00e1lisis integral del panorama de patentes, examinando <strong>49.233 patentes<\/strong> Presentadas entre 2010 y 2023 en jurisdicciones clave. Este amplio conjunto de datos proviene de oficinas de patentes internacionales e incluye informaci\u00f3n detallada sobre tendencias del mercado, datos de ventas y pron\u00f3sticos de crecimiento. Al integrar datos cuantitativos y cualitativos, el informe establece una base s\u00f3lida para comprender la evoluci\u00f3n tecnol\u00f3gica, el posicionamiento competitivo y la din\u00e1mica del mercado dentro del sector del PVC. Este enfoque multifac\u00e9tico respalda la comprensi\u00f3n estrat\u00e9gica de las tendencias actuales y las \u00e1reas potenciales de innovaci\u00f3n en la industria del PVC.<\/span><\/p>\n<p><span style=\"font-size: 21px;\">El informe se divide en secciones principales, cada una de las cuales ofrece informaci\u00f3n esencial sobre diferentes facetas de la tecnolog\u00eda del PVC. Las secciones clave incluyen la descripci\u00f3n general del panorama, el an\u00e1lisis del mercado, el an\u00e1lisis de la tecnolog\u00eda y los actores clave. Cada parte proporciona una perspectiva \u00fanica destinada a respaldar las decisiones en materia de investigaci\u00f3n, inversi\u00f3n y estrategia dentro de la industria del PVC.<\/span><\/p>\n<p><strong><span style=\"font-size: 21px;\">Panorama del paisaje <\/span><\/strong><br \/>\n<span style=\"font-size: 21px;\">El panorama general ilustra las tendencias de la actividad de patentes en la tecnolog\u00eda del PVC desde 2010 hasta 2023. Revela un crecimiento significativo, con solicitudes de patentes que se multiplicaron por ocho en los \u00faltimos 13 a\u00f1os. Las jurisdicciones l\u00edderes incluyen a los EE. UU. y China, que en conjunto representan 74% de patentes, mientras que Europa y Corea del Sur tambi\u00e9n son contribuyentes notables, lo que enfatiza los avances globales en las aplicaciones del PVC.<\/span><\/p>\n<p><strong><span style=\"font-size: 21px;\">Secci\u00f3n de An\u00e1lisis de Mercado <\/span><\/strong><br \/>\n<span style=\"font-size: 21px;\">En esta secci\u00f3n se exploran los aspectos comerciales del PVC, se analizan los datos de ventas globales, la participaci\u00f3n de mercado y los principales productores y se relaciona la actividad de patentes con el crecimiento del mercado, destacando las aplicaciones de alta demanda, como la construcci\u00f3n, la automoci\u00f3n y el embalaje. El an\u00e1lisis revela un fuerte potencial de crecimiento en regiones con una importante actividad de I+D, especialmente en Asia-Pac\u00edfico, Am\u00e9rica del Norte y Europa.<\/span><\/p>\n<p><strong><span style=\"font-size: 21px;\">Secci\u00f3n de An\u00e1lisis de Tecnolog\u00eda <\/span><\/strong><br \/>\n<span style=\"font-size: 21px;\">En el an\u00e1lisis tecnol\u00f3gico, el informe se centra en los principales dominios tecnol\u00f3gicos del PVC, como las composiciones polim\u00e9ricas avanzadas y los procesos de polimerizaci\u00f3n en emulsi\u00f3n. Se identifican innovaciones clave en \u00e1reas como los aditivos sostenibles, el PVC de origen biol\u00f3gico y las tecnolog\u00edas de reciclaje. Esta secci\u00f3n se\u00f1ala las tecnolog\u00edas de alto impacto que impulsan la innovaci\u00f3n y la sostenibilidad del PVC, destacando la intensa actividad de patentes y las futuras oportunidades de I+D.<\/span><\/p>\n<p><strong><span style=\"font-size: 21px;\">Secci\u00f3n de los mejores jugadores <\/span><\/strong><br \/>\n<span style=\"font-size: 21px;\">The top player section provides insights into leading companies in PVC technology, including LG Chemical Ltd, 3M Innovative Properties Co, BASF SE, Eastman Chemical Company, and Flooring Industries Limited S.A.R.L. Each company is assessed based on its patent portfolio, technological focus, and contributions to the PVC industry. For example, LG Chemical\u2019s developments in advanced polymerization and BASF\u2019s innovations in eco-friendly compounds are highlighted. The section also examines strategic partnerships that enhance technology growth and support leadership in PVC applications.<\/span><\/p>\n<p><span style=\"font-size: 21px;\">En general, este informe ofrece una visi\u00f3n integral de la industria del PVC, que integra las tendencias de patentes, la din\u00e1mica del mercado y los conocimientos competitivos. El informe sirve como un recurso esencial para las partes interesadas en I+D, pol\u00edticas e inversiones, y proporciona una hoja de ruta estrat\u00e9gica para aprovechar los avances en la tecnolog\u00eda del PVC.<\/span><\/p>\n<p>&nbsp;<\/p>\n<p><strong><span style=\"font-size: 21px;\">Lo que obtendr\u00e1s: <\/span><\/strong><br \/>\n<span style=\"font-size: 21px;\">&#8211; 120+ Pages PDF Full Report <\/span><br \/>\n<span style=\"font-size: 21px;\">&#8211; 40+ Pages PDF Slides <\/span><br \/>\n<span style=\"font-size: 21px;\">&#8211; Excel File of Each Figure with Extended Data<\/span><\/p>\n<p>&nbsp;<\/p>\n<p><strong><span style=\"font-size: 21px;\">Personas a quienes podr\u00eda interesar el informe: <\/span><\/strong><br \/>\n<span style=\"font-size: 21px;\">&#8211; Chief Marketing Officers <\/span><br \/>\n<span style=\"font-size: 21px;\">&#8211; Business Development Professionals <\/span><br \/>\n<span style=\"font-size: 21px;\">&#8211; Corporate Strategy Executives <\/span><br \/>\n<span style=\"font-size: 21px;\">&#8211; R&amp;D and Innovation Officers <\/span><br \/>\n<span style=\"font-size: 21px;\">&#8211; Investment Analysts <\/span><br \/>\n<span style=\"font-size: 21px;\">&#8211; Product Managers <\/span><br \/>\n<span style=\"font-size: 21px;\">&#8211; Marketing Directors <\/span><br \/>\n<span style=\"font-size: 21px;\">&#8211; Sales Directors <\/span><br \/>\n<span style=\"font-size: 21px;\">&#8211; Vice President &#8211; Sales <\/span><br \/>\n<span style=\"font-size: 21px;\">&#8211; Vice President &#8211; Marketing <\/span><br \/>\n<span style=\"font-size: 21px;\">&#8211; Heads of Marketing <\/span><br \/>\n<span style=\"font-size: 21px;\">&#8211; Analysts <\/span><br \/>\n<span style=\"font-size: 21px;\">&#8211; Corporate Planning Professionals <\/span><br \/>\n<span style=\"font-size: 21px;\">&#8211; Product Marketing Managers <\/span><br \/>\n<span style=\"font-size: 21px;\">&#8211; Market Intelligence Experts <\/span><br \/>\n<span style=\"font-size: 21px;\">&#8211; Heads of Innovation <\/span><br \/>\n<span style=\"font-size: 21px;\">&#8211; Strategy Heads <\/span><br \/>\n<span style=\"font-size: 21px;\">&#8211; Chief Operating Officers <\/span><br \/>\n<span style=\"font-size: 21px;\">&#8211; Business Analysts <\/span><br \/>\n<span style=\"font-size: 21px;\">&#8211; Sales Consultants <\/span><br \/>\n<span style=\"font-size: 21px;\">&#8211; Academics<\/span><\/p>","protected":false},"excerpt":{"rendered":"<p>Report Description and Data Source The PVC Technology report provides a comprehensive patent landscape analysis, examining 49,233 patents filed from 2010 to 2023 across key jurisdictions. This extensive dataset is sourced from international patent offices and includes detailed insights on market trends, sales data, and growth forecasts. By integrating both quantitative and qualitative data, the [&hellip;]<\/p>","protected":false},"featured_media":7325,"comment_status":"open","ping_status":"closed","template":"","meta":{"inline_featured_image":false},"product_brand":[],"product_cat":[89],"product_tag":[],"class_list":{"0":"post-6968","1":"product","2":"type-product","3":"status-publish","4":"has-post-thumbnail","6":"product_cat-oil-gas-and-petrochemichal","8":"first","9":"instock","10":"downloadable","11":"virtual","12":"sold-individually","13":"purchasable","14":"product-type-simple"},"_links":{"self":[{"href":"https:\/\/stimanalytics.ai\/es\/wp-json\/wp\/v2\/product\/6968","targetHints":{"allow":["GET"]}}],"collection":[{"href":"https:\/\/stimanalytics.ai\/es\/wp-json\/wp\/v2\/product"}],"about":[{"href":"https:\/\/stimanalytics.ai\/es\/wp-json\/wp\/v2\/types\/product"}],"replies":[{"embeddable":true,"href":"https:\/\/stimanalytics.ai\/es\/wp-json\/wp\/v2\/comments?post=6968"}],"wp:featuredmedia":[{"embeddable":true,"href":"https:\/\/stimanalytics.ai\/es\/wp-json\/wp\/v2\/media\/7325"}],"wp:attachment":[{"href":"https:\/\/stimanalytics.ai\/es\/wp-json\/wp\/v2\/media?parent=6968"}],"wp:term":[{"taxonomy":"product_brand","embeddable":true,"href":"https:\/\/stimanalytics.ai\/es\/wp-json\/wp\/v2\/product_brand?post=6968"},{"taxonomy":"product_cat","embeddable":true,"href":"https:\/\/stimanalytics.ai\/es\/wp-json\/wp\/v2\/product_cat?post=6968"},{"taxonomy":"product_tag","embeddable":true,"href":"https:\/\/stimanalytics.ai\/es\/wp-json\/wp\/v2\/product_tag?post=6968"}],"curies":[{"name":"wp","href":"https:\/\/api.w.org\/{rel}","templated":true}]}}