{"id":6966,"date":"2024-11-23T13:16:46","date_gmt":"2024-11-23T13:16:46","guid":{"rendered":"https:\/\/stimanalytics.ai\/?post_type=product&#038;p=6966"},"modified":"2025-08-16T11:06:58","modified_gmt":"2025-08-16T11:06:58","slug":"condition-monitoring-patent-landscape-report","status":"publish","type":"product","link":"https:\/\/stimanalytics.ai\/es\/producto\/condition-monitoring-patent-landscape-report\/","title":{"rendered":"Informe sobre el panorama de patentes de monitoreo de condiciones"},"content":{"rendered":"<p><strong><span style=\"font-size: 21px;\">Descripci\u00f3n del informe y fuente de datos <\/span><\/strong><br \/>\n<span style=\"font-size: 21px;\">El <strong>Informe de monitoreo de condici\u00f3n<\/strong> Proporciona un an\u00e1lisis profundo del panorama de patentes, que abarca <strong>1.901 patentes<\/strong> desde 1972 hasta 2024 en jurisdicciones principales, incluidos EE. UU., China y Europa. Este conjunto de datos integral se obtiene de solicitudes de patentes globales e incluye detalles sobre las tendencias de crecimiento del mercado, las innovaciones de la industria y la evoluci\u00f3n de la tecnolog\u00eda en el campo del monitoreo de condiciones. Al integrar datos cuantitativos sobre la actividad de patentes con informaci\u00f3n cualitativa sobre las tendencias del mercado y la tecnolog\u00eda, el informe ofrece una base s\u00f3lida para evaluar las solicitudes de patentes, los avances tecnol\u00f3gicos y el crecimiento potencial dentro del campo del monitoreo de condiciones. Este enfoque proporciona una visi\u00f3n integral del posicionamiento competitivo actual y las \u00e1reas emergentes en el mantenimiento y monitoreo predictivos.<\/span><\/p>\n<p><span style=\"font-size: 21px;\">El informe est\u00e1 organizado en varias secciones clave, cada una de las cuales ofrece informaci\u00f3n fundamental sobre diferentes aspectos del monitoreo de condiciones. Las secciones principales incluyen la descripci\u00f3n general del panorama de patentes, el an\u00e1lisis del mercado, el an\u00e1lisis de la tecnolog\u00eda y los actores clave. Cada secci\u00f3n presenta una perspectiva \u00fanica dise\u00f1ada para respaldar la toma de decisiones estrat\u00e9gicas en materia de investigaci\u00f3n, inversi\u00f3n y estrategia competitiva dentro del dominio del monitoreo de condiciones.<\/span><\/p>\n<p><strong><span style=\"font-size: 21px;\">Panorama del paisaje <\/span><\/strong><br \/>\n<span style=\"font-size: 21px;\">El panorama general refleja las tendencias en la actividad de patentes, lo que ilustra el crecimiento de las tecnolog\u00edas de monitoreo de condiciones desde 1972 hasta 2024. El informe revela un aumento constante de las patentes, en particular desde 2014, lo que refleja una mayor innovaci\u00f3n e inversi\u00f3n en mantenimiento predictivo y monitoreo de equipos. Estados Unidos lidera la cantidad de solicitudes de patentes, seguido de cerca por China, y Europa tambi\u00e9n hace contribuciones significativas, lo que indica un compromiso global con los avances en el monitoreo de condiciones.<\/span><\/p>\n<p><strong><span style=\"font-size: 21px;\">Secci\u00f3n de An\u00e1lisis de Mercado <\/span><\/strong><br \/>\n<span style=\"font-size: 21px;\">La secci\u00f3n de an\u00e1lisis de mercado examina el panorama comercial del monitoreo de condiciones, detallando la participaci\u00f3n de mercado, las tasas de crecimiento proyectadas y los actores principales. Al alinear los datos de patentes con la din\u00e1mica del mercado, esta secci\u00f3n identifica sinergias entre la innovaci\u00f3n y la demanda del mercado, brindando informaci\u00f3n sobre regiones de alto crecimiento con importantes inversiones en I+D.<\/span><\/p>\n<p><strong><span style=\"font-size: 21px;\">Secci\u00f3n de An\u00e1lisis de Tecnolog\u00eda <\/span><\/strong><br \/>\n<span style=\"font-size: 21px;\">En la secci\u00f3n de an\u00e1lisis de tecnolog\u00eda, el informe analiza las \u00e1reas tecnol\u00f3gicas clave dentro del monitoreo de condiciones, incluidos el an\u00e1lisis de vibraciones, el monitoreo de lubricantes y la termograf\u00eda. Estas tecnolog\u00edas contribuyen a mejorar la confiabilidad de los equipos, la prevenci\u00f3n de fallas y la eficiencia operativa. Esta secci\u00f3n identifica los avances que impulsan el monitoreo de condiciones, destacando \u00e1reas de intensa actividad de patentes y potencial futuro de I+D.<\/span><\/p>\n<p><strong><span style=\"font-size: 21px;\">Secci\u00f3n de los mejores jugadores <\/span><\/strong><br \/>\n<span style=\"font-size: 21px;\">La secci\u00f3n de los principales actores ofrece informaci\u00f3n sobre los principales actores en el campo de la monitorizaci\u00f3n de condiciones, como ABB Ltd, General Electric, Vestas Wind Systems A\/S, NTN Toyo Bearing Co. y Siemens AG. Se analiza cada empresa en funci\u00f3n de sus contribuciones en materia de patentes, su enfoque tecnol\u00f3gico y sus desarrollos estrat\u00e9gicos. Por ejemplo, ABB Ltd hace hincapi\u00e9 en las tecnolog\u00edas de mantenimiento predictivo, mientras que Vestas se centra en las soluciones de monitorizaci\u00f3n para turbinas e\u00f3licas. Esta secci\u00f3n tambi\u00e9n destaca las colaboraciones, mostrando c\u00f3mo las alianzas estrat\u00e9gicas est\u00e1n haciendo avanzar el campo y fortaleciendo el liderazgo del mercado.<\/span><\/p>\n<p><strong><span style=\"font-size: 21px;\">Beneficios generales del informe <\/span><\/strong><br \/>\n<span style=\"font-size: 21px;\">El informe ofrece una visi\u00f3n integral de las tecnolog\u00edas de monitoreo de condiciones, que abarca las tendencias de patentes y del mercado y la din\u00e1mica competitiva. Cada secci\u00f3n se interconecta para crear una comprensi\u00f3n coherente del estado y la direcci\u00f3n del monitoreo de condiciones, lo que lo convierte en un recurso valioso para las partes interesadas en I+D, inversi\u00f3n y pol\u00edticas. Al combinar datos de patentes, conocimientos del mercado y an\u00e1lisis detallados de las tecnolog\u00edas y los actores clave, el informe sirve como una gu\u00eda esencial para quienes buscan capitalizar los avances en mantenimiento predictivo y monitoreo de equipos.<\/span><\/p>\n<p>&nbsp;<\/p>\n<p><strong><span style=\"font-size: 21px;\">Lo que obtendr\u00e1s<\/span><\/strong><br \/>\n<span style=\"font-size: 21px;\">&#8211; 150+ Pages PDF Full Report<\/span><br \/>\n<span style=\"font-size: 21px;\">&#8211; 40+ Pages PDF Slides<\/span><br \/>\n<span style=\"font-size: 21px;\">&#8211; Excel File containing detailed data on each figure<\/span><\/p>\n<p>&nbsp;<\/p>\n<p><strong><span style=\"font-size: 21px;\">Personas a quienes podr\u00eda interesar el informe:<\/span><\/strong><br \/>\n<span style=\"font-size: 21px;\">&#8211; Chief Marketing Officers<\/span><br \/>\n<span style=\"font-size: 21px;\">&#8211; Business Development Professionals<\/span><br \/>\n<span style=\"font-size: 21px;\">&#8211; Corporate Strategy Executives<\/span><br \/>\n<span style=\"font-size: 21px;\">&#8211; R&amp;D and Innovation Officers<\/span><br \/>\n<span style=\"font-size: 21px;\">&#8211; Investment Analysts<\/span><br \/>\n<span style=\"font-size: 21px;\">&#8211; Product Managers<\/span><br \/>\n<span style=\"font-size: 21px;\">&#8211; Marketing Directors<\/span><br \/>\n<span style=\"font-size: 21px;\">&#8211; Sales Directors<\/span><br \/>\n<span style=\"font-size: 21px;\">&#8211; Vice Presidents of Sales<\/span><br \/>\n<span style=\"font-size: 21px;\">&#8211; Vice Presidents of Marketing<\/span><br \/>\n<span style=\"font-size: 21px;\">&#8211; Heads of Marketing<\/span><br \/>\n<span style=\"font-size: 21px;\">&#8211; Analysts<\/span><br \/>\n<span style=\"font-size: 21px;\">&#8211; Corporate Planning Professionals<\/span><br \/>\n<span style=\"font-size: 21px;\">&#8211; Product Marketing Managers<\/span><br \/>\n<span style=\"font-size: 21px;\">&#8211; Market Intelligence Experts<\/span><br \/>\n<span style=\"font-size: 21px;\">&#8211; Heads of Innovation<\/span><br \/>\n<span style=\"font-size: 21px;\">&#8211; Strategy Heads<\/span><br \/>\n<span style=\"font-size: 21px;\">&#8211; Chief Operating Officers<\/span><br \/>\n<span style=\"font-size: 21px;\">&#8211; Business Analysts<\/span><br \/>\n<span style=\"font-size: 21px;\">&#8211; Sales Consultants<\/span><br \/>\n<span style=\"font-size: 21px;\">&#8211; Academics<\/span><\/p>","protected":false},"excerpt":{"rendered":"<p>Report Description and Data Source The Condition Monitoring report provides an in-depth patent landscape analysis, encompassing 1,901 patents from 1972 to 2024 across primary jurisdictions, including the U.S., China, and Europe. This comprehensive dataset is sourced from global patent filings and includes details on market growth trends, industry innovations, and technology evolution within condition monitoring. [&hellip;]<\/p>","protected":false},"featured_media":7393,"comment_status":"open","ping_status":"closed","template":"","meta":{"inline_featured_image":false},"product_brand":[],"product_cat":[89],"product_tag":[],"class_list":{"0":"post-6966","1":"product","2":"type-product","3":"status-publish","4":"has-post-thumbnail","6":"product_cat-oil-gas-and-petrochemichal","8":"first","9":"instock","10":"downloadable","11":"virtual","12":"sold-individually","13":"purchasable","14":"product-type-simple"},"_links":{"self":[{"href":"https:\/\/stimanalytics.ai\/es\/wp-json\/wp\/v2\/product\/6966","targetHints":{"allow":["GET"]}}],"collection":[{"href":"https:\/\/stimanalytics.ai\/es\/wp-json\/wp\/v2\/product"}],"about":[{"href":"https:\/\/stimanalytics.ai\/es\/wp-json\/wp\/v2\/types\/product"}],"replies":[{"embeddable":true,"href":"https:\/\/stimanalytics.ai\/es\/wp-json\/wp\/v2\/comments?post=6966"}],"wp:featuredmedia":[{"embeddable":true,"href":"https:\/\/stimanalytics.ai\/es\/wp-json\/wp\/v2\/media\/7393"}],"wp:attachment":[{"href":"https:\/\/stimanalytics.ai\/es\/wp-json\/wp\/v2\/media?parent=6966"}],"wp:term":[{"taxonomy":"product_brand","embeddable":true,"href":"https:\/\/stimanalytics.ai\/es\/wp-json\/wp\/v2\/product_brand?post=6966"},{"taxonomy":"product_cat","embeddable":true,"href":"https:\/\/stimanalytics.ai\/es\/wp-json\/wp\/v2\/product_cat?post=6966"},{"taxonomy":"product_tag","embeddable":true,"href":"https:\/\/stimanalytics.ai\/es\/wp-json\/wp\/v2\/product_tag?post=6966"}],"curies":[{"name":"wp","href":"https:\/\/api.w.org\/{rel}","templated":true}]}}