{"id":6962,"date":"2024-11-23T11:58:31","date_gmt":"2024-11-23T11:58:31","guid":{"rendered":"https:\/\/stimanalytics.ai\/?post_type=product&#038;p=6962"},"modified":"2025-08-16T15:04:28","modified_gmt":"2025-08-16T15:04:28","slug":"polypropylene-pp-patent-landscape-report","status":"publish","type":"product","link":"https:\/\/stimanalytics.ai\/es\/producto\/polypropylene-pp-patent-landscape-report\/","title":{"rendered":"Informe sobre el panorama de patentes de polipropileno (PP)"},"content":{"rendered":"<p><strong><span style=\"font-size: 21px;\">Descripci\u00f3n del informe y fuente de datos<\/span><\/strong><br \/>\n<span style=\"font-size: 21px;\">El <strong>Informe sobre polipropileno<\/strong> ofrece un an\u00e1lisis integral del panorama de patentes, que abarca <strong>27.337 patentes<\/strong> spanning from 2010 to 2024 across major jurisdictions. This extensive dataset is drawn from global patent offices, integrating both quantitative and qualitative data, including sales volume, market valuation, and growth projections. These insights form the foundation for understanding polypropylene&#8217;s technological advancements, industry dynamics, and competitive positioning within the global market. The report\u2019s data-driven approach provides critical insights into patent filings, market analysis, and technology trends, allowing for an informed perspective on the polypropylene industry&#8217;s future growth.<\/span><\/p>\n<p><span style=\"font-size: 21px;\">Organizado en secciones clave, el informe ofrece un an\u00e1lisis profundo de las secciones Panorama general, An\u00e1lisis de mercado, An\u00e1lisis de tecnolog\u00eda y Actores clave. Cada secci\u00f3n ofrece una perspectiva estrat\u00e9gica que respalda la toma de decisiones en materia de investigaci\u00f3n, inversi\u00f3n y estrategia competitiva para las partes interesadas en el sector del polipropileno.<\/span><\/p>\n<p><strong><span style=\"font-size: 21px;\">Panorama del paisaje<\/span><\/strong><br \/>\n<span style=\"font-size: 21px;\">En esta secci\u00f3n se muestra la actividad de patentes en la tecnolog\u00eda del polipropileno desde 2010 hasta 2024, lo que refleja una tendencia al alza en las solicitudes de patentes, con picos en 2021. China y Estados Unidos lideran en cuanto a n\u00famero de patentes, mientras que Europa les sigue con una presencia sustancial. Los resultados subrayan un compromiso global con los avances en el \u00e1mbito del polipropileno en sectores como la automoci\u00f3n, el envasado y la atenci\u00f3n sanitaria, lo que prepara el terreno para la innovaci\u00f3n futura.<\/span><\/p>\n<p><strong><span style=\"font-size: 21px;\">Secci\u00f3n de An\u00e1lisis de Mercado<\/span><\/strong><br \/>\n<span style=\"font-size: 21px;\">El an\u00e1lisis de mercado profundiza en las tendencias comerciales del polipropileno, examinando el volumen de ventas global, las valoraciones del mercado y las previsiones de crecimiento. Esta secci\u00f3n alinea las actividades de patentes con la demanda del mercado, descubriendo los impulsores clave del mercado del polipropileno y destacando las regiones de alto crecimiento como Asia-Pac\u00edfico, Am\u00e9rica del Norte y Europa. Revela las principales aplicaciones, desde el sector de los envases y la automoci\u00f3n hasta el sector m\u00e9dico, donde la demanda del mercado es m\u00e1s fuerte.<\/span><\/p>\n<p><strong><span style=\"font-size: 21px;\">Secci\u00f3n de An\u00e1lisis de Tecnolog\u00eda<\/span><\/strong><br \/>\n<span style=\"font-size: 21px;\">This section reviews critical technology domains within polypropylene, including polymerization processes, high-performance compounds, and advanced compounding ingredients. The analysis highlights top innovations, particularly in high-impact PP grades, sustainability, and recycling processes. By exploring these technologies, the report pinpoints the areas where intense patent activity and R&amp;D are shaping the polypropylene industry\u2019s future.<\/span><\/p>\n<p><strong><span style=\"font-size: 21px;\">Secci\u00f3n de los mejores jugadores<\/span><\/strong><br \/>\n<span style=\"font-size: 21px;\">The top player analysis highlights industry leaders such as Borealis AG, Sinopec, Kingfa Science &amp; Technology, SABIC, and LyondellBasell. Each player is assessed based on patent portfolios, technological focus, and contributions to the polypropylene sector. For instance, Borealis\u2019 leadership in high-performance polymerization, Sinopec\u2019s focus on sustainable production, and Kingfa\u2019s innovations in biodegradable compounds are emphasized. This section also details collaborations and partnerships, illustrating how strategic alliances are driving technology growth in polypropylene.<\/span><\/p>\n<p><span style=\"font-size: 21px;\">En general, el informe presenta una visi\u00f3n detallada de la tecnolog\u00eda del polipropileno, desde las tendencias de patentes y el crecimiento del mercado hasta el panorama competitivo. Cada secci\u00f3n se interconecta para ofrecer una comprensi\u00f3n integral de la industria, lo que lo convierte en un recurso valioso para las partes interesadas en I+D, pol\u00edticas e inversiones. El informe combina datos de patentes, conocimientos del mercado y an\u00e1lisis de tecnolog\u00edas y actores clave para servir como gu\u00eda estrat\u00e9gica en los avances del polipropileno.<\/span><\/p>\n<p>&nbsp;<\/p>\n<p>&nbsp;<\/p>\n<p><strong><span style=\"font-size: 21px;\">Lo que obtendr\u00e1s:<\/span><\/strong><\/p>\n<p><span style=\"font-size: 21px;\">Informe completo en formato PDF de m\u00e1s de 120 p\u00e1ginas<\/span><br \/>\n<span style=\"font-size: 21px;\">Diapositivas en formato PDF de m\u00e1s de 40 p\u00e1ginas<\/span><br \/>\n<span style=\"font-size: 21px;\">Archivo Excel de cada figura con datos extendidos<\/span><\/p>\n<p>&nbsp;<\/p>\n<p><span style=\"font-size: 21px;\"><strong>Personas a quienes podr\u00eda interesar el informe:<\/strong><\/span><\/p>\n<p><span style=\"font-size: 21px;\">Directores de marketing<\/span><br \/>\n<span style=\"font-size: 21px;\">Profesionales en desarrollo de negocios<\/span><br \/>\n<span style=\"font-size: 21px;\">Ejecutivos de Estrategia Corporativa<\/span><br \/>\n<span style=\"font-size: 21px;\">Responsables de I+D+i<\/span><br \/>\n<span style=\"font-size: 21px;\">Analistas de inversiones<\/span><br \/>\n<span style=\"font-size: 21px;\">Gerentes de productos<\/span><br \/>\n<span style=\"font-size: 21px;\">Directores de marketing<\/span><br \/>\n<span style=\"font-size: 21px;\">Directores de ventas<\/span><br \/>\n<span style=\"font-size: 21px;\">Vicepresidente de Ventas<\/span><br \/>\n<span style=\"font-size: 21px;\">Vicepresidente de Marketing<\/span><br \/>\n<span style=\"font-size: 21px;\">Jefes de Marketing<\/span><br \/>\n<span style=\"font-size: 21px;\">Analistas<\/span><br \/>\n<span style=\"font-size: 21px;\">Profesionales de la planificaci\u00f3n corporativa<\/span><br \/>\n<span style=\"font-size: 21px;\">Gerentes de marketing de productos<\/span><br \/>\n<span style=\"font-size: 21px;\">Expertos en inteligencia de mercado<\/span><br \/>\n<span style=\"font-size: 21px;\">Responsables de Innovaci\u00f3n<\/span><br \/>\n<span style=\"font-size: 21px;\">Jefes de estrategia<\/span><br \/>\n<span style=\"font-size: 21px;\">Directores de operaciones<\/span><br \/>\n<span style=\"font-size: 21px;\">Analistas de negocios<\/span><br \/>\n<span style=\"font-size: 21px;\">Asesores de ventas<\/span><br \/>\n<span style=\"font-size: 21px;\">Acad\u00e9mica<\/span><\/p>","protected":false},"excerpt":{"rendered":"<p>Report Description and Data Source The Polypropylene report offers a comprehensive patent landscape analysis, covering 27,337 patents spanning from 2010 to 2024 across major jurisdictions. This extensive dataset is drawn from global patent offices, integrating both quantitative and qualitative data, including sales volume, market valuation, and growth projections. These insights form the foundation for understanding [&hellip;]<\/p>","protected":false},"featured_media":7391,"comment_status":"open","ping_status":"closed","template":"","meta":{"inline_featured_image":false},"product_brand":[],"product_cat":[89],"product_tag":[],"class_list":{"0":"post-6962","1":"product","2":"type-product","3":"status-publish","4":"has-post-thumbnail","6":"product_cat-oil-gas-and-petrochemichal","8":"first","9":"instock","10":"downloadable","11":"virtual","12":"sold-individually","13":"purchasable","14":"product-type-simple"},"_links":{"self":[{"href":"https:\/\/stimanalytics.ai\/es\/wp-json\/wp\/v2\/product\/6962","targetHints":{"allow":["GET"]}}],"collection":[{"href":"https:\/\/stimanalytics.ai\/es\/wp-json\/wp\/v2\/product"}],"about":[{"href":"https:\/\/stimanalytics.ai\/es\/wp-json\/wp\/v2\/types\/product"}],"replies":[{"embeddable":true,"href":"https:\/\/stimanalytics.ai\/es\/wp-json\/wp\/v2\/comments?post=6962"}],"wp:featuredmedia":[{"embeddable":true,"href":"https:\/\/stimanalytics.ai\/es\/wp-json\/wp\/v2\/media\/7391"}],"wp:attachment":[{"href":"https:\/\/stimanalytics.ai\/es\/wp-json\/wp\/v2\/media?parent=6962"}],"wp:term":[{"taxonomy":"product_brand","embeddable":true,"href":"https:\/\/stimanalytics.ai\/es\/wp-json\/wp\/v2\/product_brand?post=6962"},{"taxonomy":"product_cat","embeddable":true,"href":"https:\/\/stimanalytics.ai\/es\/wp-json\/wp\/v2\/product_cat?post=6962"},{"taxonomy":"product_tag","embeddable":true,"href":"https:\/\/stimanalytics.ai\/es\/wp-json\/wp\/v2\/product_tag?post=6962"}],"curies":[{"name":"wp","href":"https:\/\/api.w.org\/{rel}","templated":true}]}}