{"id":6960,"date":"2024-11-23T11:52:49","date_gmt":"2024-11-23T11:52:49","guid":{"rendered":"https:\/\/stimanalytics.ai\/?post_type=product&#038;p=6960"},"modified":"2025-01-09T10:00:39","modified_gmt":"2025-01-09T10:00:39","slug":"6960","status":"publish","type":"product","link":"https:\/\/stimanalytics.ai\/es\/producto\/6960\/","title":{"rendered":"Informe sobre el panorama de patentes de descubrimiento de f\u00e1rmacos impulsado por IA"},"content":{"rendered":"<p><strong><span style=\"font-size: 21px;\">Descripci\u00f3n del informe y fuente de datos<\/span><\/strong><br \/>\n<span style=\"font-size: 21px;\">El <strong>Informe sobre el descubrimiento de f\u00e1rmacos impulsado por IA<\/strong> Proporciona un an\u00e1lisis detallado del panorama de patentes, revisando <strong>1.087 patentes<\/strong> de una variedad de jurisdicciones principales, con datos tanto de solicitudes de patentes como de perspectivas de ventas en el mercado. Combina datos cuantitativos y cualitativos, lo que ofrece una base de datos confiable que incluye solicitudes de patentes, tendencias tecnol\u00f3gicas y tasas de crecimiento de las ventas en el mercado. Este enfoque multifac\u00e9tico permite una comprensi\u00f3n completa de la posici\u00f3n actual del mercado, las \u00e1reas de crecimiento potencial y los avances tecnol\u00f3gicos emergentes en el descubrimiento de f\u00e1rmacos impulsado por IA.<\/span><\/p>\n<p><span style=\"font-size: 21px;\">El informe se divide en secciones clave, cada una de las cuales proporciona informaci\u00f3n sobre aspectos cr\u00edticos de la industria del descubrimiento de f\u00e1rmacos impulsado por IA. Las secciones principales incluyen la descripci\u00f3n general del panorama, el an\u00e1lisis del mercado, el an\u00e1lisis de la tecnolog\u00eda y el an\u00e1lisis de los principales actores, cada una de las cuales aporta una perspectiva \u00fanica para respaldar las decisiones estrat\u00e9gicas en I+D, inversi\u00f3n y posicionamiento competitivo.<\/span><\/p>\n<p><strong><span style=\"font-size: 21px;\">Panorama del paisaje<\/span><\/strong><br \/>\n<span style=\"font-size: 21px;\">La descripci\u00f3n general del panorama ofrece una instant\u00e1nea completa del panorama de patentes en el campo del descubrimiento de f\u00e1rmacos impulsado por IA, y hace un seguimiento de la actividad de patentes desde 2002 hasta 2024. Se observa una clara tendencia al alza en las solicitudes de patentes, con un aumento sustancial en los \u00faltimos a\u00f1os, lo que indica una aceleraci\u00f3n de la innovaci\u00f3n y la inversi\u00f3n en este campo. Estados Unidos lidera con el mayor n\u00famero de patentes, seguido de China y Europa, lo que pone de relieve el enfoque global y la competencia interregional. La secci\u00f3n de descripci\u00f3n general tambi\u00e9n cubre las tendencias en la propiedad de patentes, destacando tanto a los actores establecidos como a las entidades emergentes, lo que sugiere un campo competitivo y en evoluci\u00f3n con nuevos participantes que contribuyen continuamente al descubrimiento de f\u00e1rmacos impulsado por IA.<\/span><\/p>\n<p><strong><span style=\"font-size: 21px;\">Secci\u00f3n de An\u00e1lisis de Mercado<\/span><\/strong><br \/>\n<span style=\"font-size: 21px;\">The market analysis section delves into the commercial side of AI-driven drug discovery, focusing on market sales data and projected growth rates. By examining patenting activity alongside market sales data, this section reveals the alignment between technological innovation and market demand. The analysis highlights the market\u2019s current trajectory and offers insights into potential growth opportunities, emphasizing regions with significant R&amp;D investment. The report\u2019s market analysis sheds light on key areas where AI-driven drug discovery is poised for expansion, helping stakeholders understand both current market dynamics and areas with the highest commercial potential.<\/span><\/p>\n<p><strong><span style=\"font-size: 21px;\">Secci\u00f3n de An\u00e1lisis de Tecnolog\u00eda<\/span><\/strong><br \/>\n<span style=\"font-size: 21px;\">En la secci\u00f3n de an\u00e1lisis de tecnolog\u00eda, el informe analiza los principales dominios tecnol\u00f3gicos dentro del descubrimiento de f\u00e1rmacos impulsado por IA, como las aplicaciones de las TIC para la bioinform\u00e1tica, el aprendizaje autom\u00e1tico para el desarrollo de f\u00e1rmacos y los modelos de computaci\u00f3n biol\u00f3gica. Cada dominio tecnol\u00f3gico se eval\u00faa por su papel en el avance de los m\u00e9todos de descubrimiento de f\u00e1rmacos, como la orientaci\u00f3n molecular, el reconocimiento de patrones y las pruebas de eficacia. Esta secci\u00f3n identifica las tecnolog\u00edas de vanguardia que impulsan la innovaci\u00f3n y destaca las \u00e1reas con una alta actividad de patentamiento, lo que indica d\u00f3nde pueden concentrarse los futuros esfuerzos de I+D. Al examinar estos dominios espec\u00edficos, la secci\u00f3n de an\u00e1lisis de tecnolog\u00eda proporciona a las partes interesadas informaci\u00f3n sobre los fundamentos t\u00e9cnicos que est\u00e1n dando forma al futuro del descubrimiento de f\u00e1rmacos impulsado por IA.<\/span><\/p>\n<p><strong><span style=\"font-size: 21px;\">Secci\u00f3n de los mejores jugadores<\/span><\/strong><br \/>\n<span style=\"font-size: 21px;\">The top player section offers a closer look at the leading organizations and institutions in the field, such as the University of California, Peptilogics, Genentech, MIT, and Harvard University. Each top player is reviewed based on their patent contributions, strategic focus, and technological developments within AI-driven drug discovery. For example, Peptilogics stands out with its Nautilus\u2122 AI platform for peptide therapeutics, while Genentech is highlighted for its collaboration with NVIDIA, integrating AI for enhanced molecular design. This section also explores collaborations and partnerships among these players, showcasing how strategic alliances are accelerating technological advancements and expanding the scope of AI applications in drug discovery.<\/span><br \/>\n<span style=\"font-size: 21px;\">En general, el informe ofrece una visi\u00f3n hol\u00edstica del descubrimiento de f\u00e1rmacos impulsado por la IA, desde las tendencias del mercado y las innovaciones tecnol\u00f3gicas hasta la din\u00e1mica competitiva. Cada secci\u00f3n complementa a las dem\u00e1s para crear una narrativa coherente sobre el estado y la direcci\u00f3n de la industria del descubrimiento de f\u00e1rmacos impulsado por la IA, lo que lo convierte en un recurso valioso para los responsables de la toma de decisiones en materia de I+D, pol\u00edticas e inversiones. Al integrar datos de patentes, conocimientos del mercado y un examen minucioso de la tecnolog\u00eda y los principales actores, este informe sirve como una gu\u00eda s\u00f3lida para las partes interesadas que buscan comprender y sacar provecho de este campo en r\u00e1pida evoluci\u00f3n.<\/span><\/p>\n<p>&nbsp;<\/p>\n<p><strong><span style=\"font-size: 21px;\">Lo que obtendr\u00e1s:<\/span><\/strong><br \/>\n<span style=\"font-size: 21px;\">Informe completo en formato PDF de m\u00e1s de 90 p\u00e1ginas<\/span><br \/>\n<span style=\"font-size: 21px;\">Diapositivas en formato PDF de m\u00e1s de 40 p\u00e1ginas<\/span><br \/>\n<span style=\"font-size: 21px;\">Archivo Excel de cada figura incluyendo datos ampliados<\/span><\/p>\n<p>&nbsp;<\/p>\n<p><strong><span style=\"font-size: 21px;\">Personas a quienes podr\u00eda interesar el informe:<\/span><\/strong><br \/>\n<span style=\"font-size: 21px;\">Director de marketing<\/span><br \/>\n<span style=\"font-size: 21px;\">Profesionales en desarrollo de negocios<\/span><br \/>\n<span style=\"font-size: 21px;\">Ejecutivos de Estrategia Corporativa<\/span><br \/>\n<span style=\"font-size: 21px;\">Responsables de I+D+i<\/span><br \/>\n<span style=\"font-size: 21px;\">Analistas de inversiones<\/span><br \/>\n<span style=\"font-size: 21px;\">Gerentes de productos<\/span><br \/>\n<span style=\"font-size: 21px;\">Directores de marketing<\/span><br \/>\n<span style=\"font-size: 21px;\">Directores de ventas<\/span><br \/>\n<span style=\"font-size: 21px;\">Vicepresidente de Ventas<\/span><br \/>\n<span style=\"font-size: 21px;\">Vicepresidente de Marketing<\/span><br \/>\n<span style=\"font-size: 21px;\">Jefes de Marketing<\/span><br \/>\n<span style=\"font-size: 21px;\">Analistas<\/span><br \/>\n<span style=\"font-size: 21px;\">Profesionales de la planificaci\u00f3n corporativa<\/span><br \/>\n<span style=\"font-size: 21px;\">Gerentes de marketing de productos<\/span><br \/>\n<span style=\"font-size: 21px;\">Expertos en inteligencia de mercado<\/span><br \/>\n<span style=\"font-size: 21px;\">Responsables de Innovaci\u00f3n<\/span><br \/>\n<span style=\"font-size: 21px;\">Jefes de estrategia<\/span><br \/>\n<span style=\"font-size: 21px;\">Directores de operaciones<\/span><br \/>\n<span style=\"font-size: 21px;\">Analistas de negocios<\/span><br \/>\n<span style=\"font-size: 21px;\">Asesores de ventas<\/span><br \/>\n<span style=\"font-size: 21px;\">Acad\u00e9mica<\/span><\/p>","protected":false},"excerpt":{"rendered":"<p>Report Description and Data Source The AI-driven drug discovery report provides a detailed patent landscape analysis, reviewing 1,087 patents from a range of primary jurisdictions, with data from both patent filings and market sales insights. It combines quantitative and qualitative data, offering a reliable data foundation that includes patent applications, technology trends, and market sales [&hellip;]<\/p>","protected":false},"featured_media":7390,"comment_status":"open","ping_status":"closed","template":"","meta":{"inline_featured_image":false},"product_brand":[],"product_cat":[83],"product_tag":[],"class_list":{"0":"post-6960","1":"product","2":"type-product","3":"status-publish","4":"has-post-thumbnail","6":"product_cat-health-and-pharmaceutical","8":"first","9":"instock","10":"downloadable","11":"virtual","12":"sold-individually","13":"purchasable","14":"product-type-simple"},"_links":{"self":[{"href":"https:\/\/stimanalytics.ai\/es\/wp-json\/wp\/v2\/product\/6960","targetHints":{"allow":["GET"]}}],"collection":[{"href":"https:\/\/stimanalytics.ai\/es\/wp-json\/wp\/v2\/product"}],"about":[{"href":"https:\/\/stimanalytics.ai\/es\/wp-json\/wp\/v2\/types\/product"}],"replies":[{"embeddable":true,"href":"https:\/\/stimanalytics.ai\/es\/wp-json\/wp\/v2\/comments?post=6960"}],"wp:featuredmedia":[{"embeddable":true,"href":"https:\/\/stimanalytics.ai\/es\/wp-json\/wp\/v2\/media\/7390"}],"wp:attachment":[{"href":"https:\/\/stimanalytics.ai\/es\/wp-json\/wp\/v2\/media?parent=6960"}],"wp:term":[{"taxonomy":"product_brand","embeddable":true,"href":"https:\/\/stimanalytics.ai\/es\/wp-json\/wp\/v2\/product_brand?post=6960"},{"taxonomy":"product_cat","embeddable":true,"href":"https:\/\/stimanalytics.ai\/es\/wp-json\/wp\/v2\/product_cat?post=6960"},{"taxonomy":"product_tag","embeddable":true,"href":"https:\/\/stimanalytics.ai\/es\/wp-json\/wp\/v2\/product_tag?post=6960"}],"curies":[{"name":"wp","href":"https:\/\/api.w.org\/{rel}","templated":true}]}}