{"id":6399,"date":"2024-10-24T11:40:41","date_gmt":"2024-10-24T11:40:41","guid":{"rendered":"https:\/\/stimanalytics.ai\/?post_type=product&#038;p=6399"},"modified":"2025-01-07T06:30:33","modified_gmt":"2025-01-07T06:30:33","slug":"hydrogen-extraction-and-storage","status":"publish","type":"product","link":"https:\/\/stimanalytics.ai\/es\/producto\/hydrogen-extraction-and-storage\/","title":{"rendered":"Informe sobre el panorama de patentes de hierro de reducci\u00f3n directa (DRI) basado en hidr\u00f3geno"},"content":{"rendered":"<div class=\"vc_tta-panel-body\">\n<div class=\"wpb_text_column wpb_content_element\">\n<div class=\"wpb_wrapper\">\n<p><span style=\"font-size: 21px;\">Descripci\u00f3n del informe y fuente de datos<\/span><br \/>\n<span style=\"font-size: 21px;\">El &quot;<strong>Hierro de reducci\u00f3n directa basado en hidr\u00f3geno (DRI)<\/strong>&quot;El informe proporciona un an\u00e1lisis detallado del panorama de patentes, examinando <strong>612 patentes<\/strong> Presentadas entre 2010 y 2024. Estos datos exhaustivos, obtenidos de varias oficinas de patentes de todo el mundo, respaldan la comprensi\u00f3n de las tecnolog\u00edas de producci\u00f3n de acero basadas en hidr\u00f3geno. Al combinar datos de patentes tanto cuantitativos como cualitativos, el informe ofrece una base fiable para comprender el progreso tecnol\u00f3gico, el potencial de crecimiento y las innovaciones emergentes en la industria de DRI basada en hidr\u00f3geno. Este an\u00e1lisis destaca los avances en la producci\u00f3n de acero neutro en carbono y hace un seguimiento de los avances en procesos clave, materiales y m\u00e9todos de reducci\u00f3n de emisiones.<\/span><\/p>\n<p><span style=\"font-size: 21px;\">El informe est\u00e1 organizado en secciones clave, cada una de las cuales presenta informaci\u00f3n sobre aspectos espec\u00edficos de la DRI basada en hidr\u00f3geno. Estas secciones incluyen una descripci\u00f3n general del panorama de patentes, un an\u00e1lisis del mercado y de la competencia, un an\u00e1lisis de la tecnolog\u00eda y los actores clave. Cada \u00e1rea proporciona informaci\u00f3n valiosa para respaldar las decisiones estrat\u00e9gicas de I+D, inversi\u00f3n y planificaci\u00f3n competitiva en el sector del acero ecol\u00f3gico.<\/span><\/p>\n<p><strong><span style=\"font-size: 21px;\">Panorama del paisaje<\/span><\/strong><br \/>\n<span style=\"font-size: 21px;\">El panorama de patentes refleja las tendencias en la tecnolog\u00eda DRI basada en hidr\u00f3geno y revela una trayectoria de crecimiento significativa en las solicitudes de patentes. Con China y Estados Unidos a la vanguardia, el informe destaca los esfuerzos globales para avanzar en la producci\u00f3n de hierro a base de hidr\u00f3geno, con una actividad de patentamiento que se ha acelerado particularmente en los \u00faltimos a\u00f1os.<\/span><\/p>\n<p><strong><span style=\"font-size: 21px;\">Secci\u00f3n de An\u00e1lisis de Mercado<\/span><\/strong><br \/>\n<span style=\"font-size: 21px;\">El an\u00e1lisis de mercado se adentra en la din\u00e1mica competitiva de la DRI basada en hidr\u00f3geno y destaca el impacto de esta tecnolog\u00eda en la producci\u00f3n mundial de acero. La secci\u00f3n ofrece una instant\u00e1nea de la demanda del mercado, las tasas de crecimiento proyectadas y el posicionamiento competitivo de los principales actores, haciendo hincapi\u00e9 en las regiones con inversiones sustanciales en la producci\u00f3n de acero ecol\u00f3gico.<\/span><\/p>\n<p><strong><span style=\"font-size: 21px;\">Secci\u00f3n de An\u00e1lisis de Tecnolog\u00eda<\/span><\/strong><br \/>\n<span style=\"font-size: 21px;\">En el an\u00e1lisis tecnol\u00f3gico, el informe examina las principales innovaciones en la DRI basada en hidr\u00f3geno, incluidos los procesos de reducci\u00f3n directa, integraci\u00f3n de hidr\u00f3geno y reducci\u00f3n de emisiones. Se destacan tecnolog\u00edas clave como los procesos MIDREX\u00ae y ENERGIRON\u00ae por su papel en impulsar la industria hacia objetivos de sostenibilidad, junto con avances en tecnolog\u00edas digitales y de automatizaci\u00f3n para una mayor eficiencia.<\/span><\/p>\n<p><strong><span style=\"font-size: 21px;\">Secci\u00f3n de los mejores jugadores<\/span><\/strong><br \/>\n<span style=\"font-size: 21px;\">La secci\u00f3n de los mejores actores destaca a las empresas l\u00edderes en el campo de la DRI basada en hidr\u00f3geno, entre las que se incluyen ArcelorMittal, MIDREX Technologies Inc., HYL Technologies, Danieli &amp; C. Officine Meccaniche SpA y Mitsubishi Corporation. Cada empresa se perfila por sus contribuciones en materia de patentes, su enfoque estrat\u00e9gico y sus colaboraciones, mostrando su influencia en la fabricaci\u00f3n de acero sostenible y la reducci\u00f3n de hierro basada en hidr\u00f3geno.<\/span><br \/>\n<span style=\"font-size: 21px;\">En general, este informe presenta una visi\u00f3n completa del sector de la DRI basada en hidr\u00f3geno, desde las patentes y las tendencias del mercado hasta los avances tecnol\u00f3gicos y las estrategias competitivas. Al combinar los datos de las patentes con los conocimientos de la industria, este informe sirve como un recurso valioso para las empresas y los responsables de las pol\u00edticas centrados en la producci\u00f3n de acero sostenible.<\/span><\/p>\n<p>&nbsp;<\/p>\n<p><strong><span style=\"font-size: 21px;\">Lo que obtendr\u00e1s:<\/span><\/strong><br \/>\n<span style=\"font-size: 21px;\">Informe completo en formato PDF de m\u00e1s de 110 p\u00e1ginas<\/span><br \/>\n<span style=\"font-size: 21px;\">Diapositivas en formato PDF de m\u00e1s de 40 p\u00e1ginas<\/span><br \/>\n<span style=\"font-size: 21px;\">Archivo Excel de cada figura incluyendo datos ampliados<\/span><\/p>\n<p>&nbsp;<\/p>\n<p><strong><span style=\"font-size: 21px;\">Personas a quienes podr\u00eda interesar el informe:<\/span><\/strong><br \/>\n<span style=\"font-size: 21px;\">Director de marketing<\/span><br \/>\n<span style=\"font-size: 21px;\">Profesionales en desarrollo de negocios<\/span><br \/>\n<span style=\"font-size: 21px;\">Ejecutivos de Estrategia Corporativa<\/span><br \/>\n<span style=\"font-size: 21px;\">Responsables de I+D+i<\/span><br \/>\n<span style=\"font-size: 21px;\">Analistas de inversiones<\/span><br \/>\n<span style=\"font-size: 21px;\">Gerentes de productos<\/span><br \/>\n<span style=\"font-size: 21px;\">Directores de marketing<\/span><br \/>\n<span style=\"font-size: 21px;\">Directores de ventas<\/span><br \/>\n<span style=\"font-size: 21px;\">Vicepresidente de Ventas<\/span><br \/>\n<span style=\"font-size: 21px;\">Vicepresidente de Marketing<\/span><br \/>\n<span style=\"font-size: 21px;\">Jefes de Marketing<\/span><br \/>\n<span style=\"font-size: 21px;\">Analistas<\/span><br \/>\n<span style=\"font-size: 21px;\">Profesionales de la planificaci\u00f3n corporativa<\/span><br \/>\n<span style=\"font-size: 21px;\">Gerentes de marketing de productos<\/span><br \/>\n<span style=\"font-size: 21px;\">Expertos en inteligencia de mercado<\/span><br \/>\n<span style=\"font-size: 21px;\">Responsables de Innovaci\u00f3n<\/span><br \/>\n<span style=\"font-size: 21px;\">Jefes de estrategia<\/span><br \/>\n<span style=\"font-size: 21px;\">Directores de operaciones<\/span><br \/>\n<span style=\"font-size: 21px;\">Analistas de negocios<\/span><br \/>\n<span style=\"font-size: 21px;\">Asesores de ventas<\/span><br \/>\n<span style=\"font-size: 21px;\">Acad\u00e9mica<\/span><\/p>\n<\/div>\n<\/div>\n<\/div>","protected":false},"excerpt":{"rendered":"<p>Report Description and Data Source The &#8220;Hydrogen-Based Direct Reduced Iron (DRI)&#8221; report provides a detailed patent landscape analysis, examining 612 patents filed between 2010 and 2024. This comprehensive data, sourced from multiple patent offices worldwide, underpins insights into hydrogen-based steel production technologies. By combining both quantitative and qualitative patent data, the report offers a reliable [&hellip;]<\/p>","protected":false},"featured_media":7378,"comment_status":"open","ping_status":"closed","template":"","meta":{"inline_featured_image":false},"product_brand":[],"product_cat":[82],"product_tag":[],"class_list":{"0":"post-6399","1":"product","2":"type-product","3":"status-publish","4":"has-post-thumbnail","6":"product_cat-mining-industry","8":"first","9":"instock","10":"downloadable","11":"virtual","12":"sold-individually","13":"purchasable","14":"product-type-simple"},"_links":{"self":[{"href":"https:\/\/stimanalytics.ai\/es\/wp-json\/wp\/v2\/product\/6399","targetHints":{"allow":["GET"]}}],"collection":[{"href":"https:\/\/stimanalytics.ai\/es\/wp-json\/wp\/v2\/product"}],"about":[{"href":"https:\/\/stimanalytics.ai\/es\/wp-json\/wp\/v2\/types\/product"}],"replies":[{"embeddable":true,"href":"https:\/\/stimanalytics.ai\/es\/wp-json\/wp\/v2\/comments?post=6399"}],"wp:featuredmedia":[{"embeddable":true,"href":"https:\/\/stimanalytics.ai\/es\/wp-json\/wp\/v2\/media\/7378"}],"wp:attachment":[{"href":"https:\/\/stimanalytics.ai\/es\/wp-json\/wp\/v2\/media?parent=6399"}],"wp:term":[{"taxonomy":"product_brand","embeddable":true,"href":"https:\/\/stimanalytics.ai\/es\/wp-json\/wp\/v2\/product_brand?post=6399"},{"taxonomy":"product_cat","embeddable":true,"href":"https:\/\/stimanalytics.ai\/es\/wp-json\/wp\/v2\/product_cat?post=6399"},{"taxonomy":"product_tag","embeddable":true,"href":"https:\/\/stimanalytics.ai\/es\/wp-json\/wp\/v2\/product_tag?post=6399"}],"curies":[{"name":"wp","href":"https:\/\/api.w.org\/{rel}","templated":true}]}}